{"id":5769,"date":"2023-11-22T20:50:54","date_gmt":"2023-11-22T20:50:54","guid":{"rendered":"https:\/\/biotr.org\/?page_id=5769"},"modified":"2023-12-18T09:25:29","modified_gmt":"2023-12-18T09:25:29","slug":"busra-bodur","status":"publish","type":"page","link":"https:\/\/biotr.org\/index.php\/busra-bodur\/","title":{"rendered":"B\u00fc\u015fra Bodur"},"content":{"rendered":"\t\t<div data-elementor-type=\"wp-page\" data-elementor-id=\"5769\" class=\"elementor elementor-5769\">\n\t\t\t\t\t\t\t\t\t<section class=\"elementor-section elementor-top-section elementor-element elementor-element-b950f7c elementor-section-boxed elementor-section-height-default elementor-section-height-default\" data-id=\"b950f7c\" data-element_type=\"section\">\n\t\t\t\t\t\t<div class=\"elementor-container elementor-column-gap-default\">\n\t\t\t\t\t<div class=\"elementor-column elementor-col-100 elementor-top-column elementor-element elementor-element-7d40f30\" data-id=\"7d40f30\" data-element_type=\"column\">\n\t\t\t<div class=\"elementor-widget-wrap elementor-element-populated\">\n\t\t\t\t\t\t\t\t<div class=\"elementor-element elementor-element-b968652 elementor-widget elementor-widget-spacer\" data-id=\"b968652\" data-element_type=\"widget\" data-widget_type=\"spacer.default\">\n\t\t\t\t<div class=\"elementor-widget-container\">\n\t\t\t<style>\/*! elementor - v3.17.0 - 08-11-2023 *\/\n.elementor-column .elementor-spacer-inner{height:var(--spacer-size)}.e-con{--container-widget-width:100%}.e-con-inner>.elementor-widget-spacer,.e-con>.elementor-widget-spacer{width:var(--container-widget-width,var(--spacer-size));--align-self:var(--container-widget-align-self,initial);--flex-shrink:0}.e-con-inner>.elementor-widget-spacer>.elementor-widget-container,.e-con>.elementor-widget-spacer>.elementor-widget-container{height:100%;width:100%}.e-con-inner>.elementor-widget-spacer>.elementor-widget-container>.elementor-spacer,.e-con>.elementor-widget-spacer>.elementor-widget-container>.elementor-spacer{height:100%}.e-con-inner>.elementor-widget-spacer>.elementor-widget-container>.elementor-spacer>.elementor-spacer-inner,.e-con>.elementor-widget-spacer>.elementor-widget-container>.elementor-spacer>.elementor-spacer-inner{height:var(--container-widget-height,var(--spacer-size))}.e-con-inner>.elementor-widget-spacer.elementor-widget-empty,.e-con>.elementor-widget-spacer.elementor-widget-empty{position:relative;min-height:22px;min-width:22px}.e-con-inner>.elementor-widget-spacer.elementor-widget-empty .elementor-widget-empty-icon,.e-con>.elementor-widget-spacer.elementor-widget-empty .elementor-widget-empty-icon{position:absolute;top:0;bottom:0;left:0;right:0;margin:auto;padding:0;width:22px;height:22px}<\/style>\t\t<div class=\"elementor-spacer\">\n\t\t\t<div class=\"elementor-spacer-inner\"><\/div>\n\t\t<\/div>\n\t\t\t\t<\/div>\n\t\t\t\t<\/div>\n\t\t\t\t\t<\/div>\n\t\t<\/div>\n\t\t\t\t\t\t\t<\/div>\n\t\t<\/section>\n\t\t\t\t<section class=\"elementor-section elementor-top-section elementor-element elementor-element-fed9fbd elementor-section-boxed elementor-section-height-default elementor-section-height-default\" data-id=\"fed9fbd\" data-element_type=\"section\">\n\t\t\t\t\t\t<div class=\"elementor-container elementor-column-gap-default\">\n\t\t\t\t\t<div class=\"elementor-column elementor-col-100 elementor-top-column elementor-element elementor-element-2742c5a\" data-id=\"2742c5a\" data-element_type=\"column\">\n\t\t\t<div class=\"elementor-widget-wrap elementor-element-populated\">\n\t\t\t\t\t\t\t\t<div class=\"elementor-element elementor-element-3dc2811 elementor-widget elementor-widget-heading\" data-id=\"3dc2811\" data-element_type=\"widget\" data-widget_type=\"heading.default\">\n\t\t\t\t<div class=\"elementor-widget-container\">\n\t\t\t<style>\/*! elementor - v3.17.0 - 08-11-2023 *\/\n.elementor-heading-title{padding:0;margin:0;line-height:1}.elementor-widget-heading .elementor-heading-title[class*=elementor-size-]>a{color:inherit;font-size:inherit;line-height:inherit}.elementor-widget-heading .elementor-heading-title.elementor-size-small{font-size:15px}.elementor-widget-heading .elementor-heading-title.elementor-size-medium{font-size:19px}.elementor-widget-heading .elementor-heading-title.elementor-size-large{font-size:29px}.elementor-widget-heading .elementor-heading-title.elementor-size-xl{font-size:39px}.elementor-widget-heading .elementor-heading-title.elementor-size-xxl{font-size:59px}<\/style><h2 class=\"elementor-heading-title elementor-size-default\">B\u00fc\u015fra Bodur<\/h2>\t\t<\/div>\n\t\t\t\t<\/div>\n\t\t\t\t<div class=\"elementor-element elementor-element-4266408 elementor-widget elementor-widget-heading\" data-id=\"4266408\" data-element_type=\"widget\" data-widget_type=\"heading.default\">\n\t\t\t\t<div class=\"elementor-widget-container\">\n\t\t\t<h2 class=\"elementor-heading-title elementor-size-default\">Tasar\u0131mc\u0131<\/h2>\t\t<\/div>\n\t\t\t\t<\/div>\n\t\t\t\t\t<\/div>\n\t\t<\/div>\n\t\t\t\t\t\t\t<\/div>\n\t\t<\/section>\n\t\t\t\t<section class=\"elementor-section elementor-top-section elementor-element elementor-element-bc366da elementor-section-boxed elementor-section-height-default elementor-section-height-default\" data-id=\"bc366da\" data-element_type=\"section\">\n\t\t\t\t\t\t<div class=\"elementor-container elementor-column-gap-default\">\n\t\t\t\t\t<div class=\"elementor-column elementor-col-100 elementor-top-column elementor-element elementor-element-c35e428\" data-id=\"c35e428\" data-element_type=\"column\">\n\t\t\t<div class=\"elementor-widget-wrap elementor-element-populated\">\n\t\t\t\t\t\t\t\t<div class=\"elementor-element elementor-element-9879ab5 elementor-widget elementor-widget-spacer\" data-id=\"9879ab5\" data-element_type=\"widget\" data-widget_type=\"spacer.default\">\n\t\t\t\t<div class=\"elementor-widget-container\">\n\t\t\t\t\t<div class=\"elementor-spacer\">\n\t\t\t<div class=\"elementor-spacer-inner\"><\/div>\n\t\t<\/div>\n\t\t\t\t<\/div>\n\t\t\t\t<\/div>\n\t\t\t\t\t<\/div>\n\t\t<\/div>\n\t\t\t\t\t\t\t<\/div>\n\t\t<\/section>\n\t\t\t\t<section class=\"elementor-section elementor-top-section elementor-element elementor-element-3d87d8a elementor-section-boxed elementor-section-height-default elementor-section-height-default\" data-id=\"3d87d8a\" data-element_type=\"section\">\n\t\t\t\t\t\t<div class=\"elementor-container elementor-column-gap-default\">\n\t\t\t\t\t<div class=\"elementor-column elementor-col-50 elementor-top-column elementor-element elementor-element-e9f0b69\" data-id=\"e9f0b69\" data-element_type=\"column\">\n\t\t\t<div class=\"elementor-widget-wrap elementor-element-populated\">\n\t\t\t\t\t\t\t\t<div class=\"elementor-element elementor-element-deea1f1 elementor-widget elementor-widget-text-editor\" data-id=\"deea1f1\" data-element_type=\"widget\" data-widget_type=\"text-editor.default\">\n\t\t\t\t<div class=\"elementor-widget-container\">\n\t\t\t<style>\/*! elementor - v3.17.0 - 08-11-2023 *\/\n.elementor-widget-text-editor.elementor-drop-cap-view-stacked .elementor-drop-cap{background-color:#69727d;color:#fff}.elementor-widget-text-editor.elementor-drop-cap-view-framed .elementor-drop-cap{color:#69727d;border:3px solid;background-color:transparent}.elementor-widget-text-editor:not(.elementor-drop-cap-view-default) .elementor-drop-cap{margin-top:8px}.elementor-widget-text-editor:not(.elementor-drop-cap-view-default) .elementor-drop-cap-letter{width:1em;height:1em}.elementor-widget-text-editor .elementor-drop-cap{float:left;text-align:center;line-height:1;font-size:50px}.elementor-widget-text-editor .elementor-drop-cap-letter{display:inline-block}<\/style>\t\t\t\t<p>1997 Tokat do\u011fumludur. Hen\u00fcz 2 ya\u015f\u0131ndayken ailesi ile birlikte \u0130stanbul&#8217;a ta\u015f\u0131nm\u0131\u015ft\u0131r. Ya\u015fam\u0131na halen ayn\u0131 yerde devam etmektedir.<\/p><p>\u0130lk ve orta okulda \u00f6\u011fretmenlerinin y\u00f6nlendirmesiyle bilgi yar\u0131\u015fmalar\u0131 ve matematik olimpiyatlar\u0131na kat\u0131lm\u0131\u015ft\u0131r. Sonucunda da Okul birincili\u011fi madalyas\u0131 kazanm\u0131\u015ft\u0131r.<\/p><p><span style=\"font-family: var(--creote-family-two); color: var( --e-global-color-text ); text-align: var(--bs-body-text-align);\">2019 y\u0131l\u0131nda \u0130stanbul K\u00fclt\u00fcr \u00dcniversitesi \u0130\u00e7 Mimarl\u0131k ve \u00c7evre Tasar\u0131m\u0131 b\u00f6l\u00fcm\u00fcn\u00fc, 2020 y\u0131l\u0131nda ise<strong> \u00e7ift anadal<\/strong> program\u0131 olan Mimarl\u0131k b\u00f6l\u00fcm\u00fcn\u00fc Onur Belgesi ile bitirmi\u015ftir. \u00d6\u011frencilik y\u0131llar\u0131nda kat\u0131ld\u0131\u011f\u0131 bir platformda yazarl\u0131k yapm\u0131\u015f ve bir\u00e7ok yaz\u0131 yay\u0131nlam\u0131\u015ft\u0131r. <strong>Mimarl\u0131k<\/strong> kariyeri boyunca mesle\u011finin gerektirdi\u011fi t\u00fcm ortamlarda bulunarak bir\u00e7ok projeye de\u011fer katm\u0131\u015ft\u0131r.<\/span><\/p><p><span style=\"font-family: var(--creote-family-two); color: var( --e-global-color-text ); text-align: var(--bs-body-text-align);\">2 y\u0131ll\u0131k mimarl\u0131k deneyiminden sonra teknolojinin ilerlemesi ve dijital d\u00fcnyada <strong>kullan\u0131c\u0131 deneyimi<\/strong>nin artan \u00f6nemi nedeniyle <strong>UI\/UX<\/strong> tasar\u0131m\u0131na yo\u011funla\u015fm\u0131\u015ft\u0131r ve bu alanda \u00e7al\u0131\u015fmalar yapmaktad\u0131r.\u00a0<\/span><\/p><p><span style=\"font-family: var(--creote-family-two); color: var( --e-global-color-text ); text-align: var(--bs-body-text-align);\">User Interface, UX Research, Interaction Design, Competitor Analysis, Personas, Emphathy Maps, User Journey, Wireframes, Prototypes, Moodboards, Design System, Mockups, Information Architecture ve User Flow gibi ba\u015fl\u0131klar aktif uzmanl\u0131k alanlar\u0131d\u0131r.<\/span><\/p><p><span style=\"color: var( --e-global-color-text ); font-weight: var( --e-global-typography-text-font-weight ); text-align: var(--bs-body-text-align);\">Ayn\u0131 zamanda\u00a0<\/span>AutoCAD, Sketchup, Enscape, Lumion, Adobe Illustrator, Adobe Photoshop, Figma, Canva gibi bir\u00e7ok 2D-3D \u00e7izim ve tasar\u0131m programlar\u0131n\u0131 da aktif olarak kullanmaktad\u0131r.<\/p><p>Do\u011fa ve manzara foto\u011fraflar\u0131 \u00e7ekmek, akrilik boyama yapmak ve orman kamplar\u0131na kat\u0131lmak hobileri aras\u0131ndad\u0131r.<\/p><p>Son zamanlarda S\u00fcleyman Bayramo\u011flu&#8217;nun y\u00f6nlendirmesiyle <b>yapay zeka<\/b> ve <b>biyomimikri<\/b> alanlar\u0131na olan ilgisi artm\u0131\u015ft\u0131r. Bu y\u00f6nde derin ara\u015ft\u0131rmalar\u0131na devam etmektedir.<\/p><p>\u00a0<\/p>\t\t\t\t\t\t<\/div>\n\t\t\t\t<\/div>\n\t\t\t\t\t<\/div>\n\t\t<\/div>\n\t\t\t\t<div class=\"elementor-column elementor-col-50 elementor-top-column elementor-element elementor-element-1c4cbdf\" data-id=\"1c4cbdf\" data-element_type=\"column\">\n\t\t\t<div class=\"elementor-widget-wrap elementor-element-populated\">\n\t\t\t\t\t\t\t\t<div class=\"elementor-element elementor-element-bcda605 sina-morphing-anim-pattern-3 elementor-widget elementor-widget-image\" data-id=\"bcda605\" data-element_type=\"widget\" data-widget_type=\"image.default\">\n\t\t\t\t<div class=\"elementor-widget-container\">\n\t\t\t<style>\/*! elementor - v3.17.0 - 08-11-2023 *\/\n.elementor-widget-image{text-align:center}.elementor-widget-image a{display:inline-block}.elementor-widget-image a img[src$=\".svg\"]{width:48px}.elementor-widget-image img{vertical-align:middle;display:inline-block}<\/style>\t\t\t\t\t\t\t\t\t\t\t\t<img decoding=\"async\" width=\"523\" height=\"760\" src=\"https:\/\/biotr.org\/wp-content\/uploads\/2023\/11\/1-1.jpg\" class=\"attachment-medium_large size-medium_large wp-image-5636\" alt=\"\" loading=\"lazy\" srcset=\"https:\/\/biotr.org\/wp-content\/uploads\/2023\/11\/1-1.jpg 523w, https:\/\/biotr.org\/wp-content\/uploads\/2023\/11\/1-1-206x300.jpg 206w\" sizes=\"(max-width: 523px) 100vw, 523px\" \/>\t\t\t\t\t\t\t\t\t\t\t\t\t\t\t<\/div>\n\t\t\t\t<\/div>\n\t\t\t\t\t<\/div>\n\t\t<\/div>\n\t\t\t\t\t\t\t<\/div>\n\t\t<\/section>\n\t\t\t\t<section class=\"elementor-section elementor-top-section elementor-element elementor-element-419c427 elementor-section-boxed elementor-section-height-default elementor-section-height-default\" data-id=\"419c427\" data-element_type=\"section\">\n\t\t\t\t\t\t<div class=\"elementor-container elementor-column-gap-default\">\n\t\t\t\t\t<div class=\"elementor-column elementor-col-100 elementor-top-column elementor-element elementor-element-2108ad2\" data-id=\"2108ad2\" data-element_type=\"column\">\n\t\t\t<div class=\"elementor-widget-wrap elementor-element-populated\">\n\t\t\t\t\t\t\t\t<div class=\"elementor-element elementor-element-ca2283a elementor-widget elementor-widget-text-editor\" data-id=\"ca2283a\" data-element_type=\"widget\" data-widget_type=\"text-editor.default\">\n\t\t\t\t<div class=\"elementor-widget-container\">\n\t\t\t\t\t\t\t<p>BioTR&#8217;de i\u00e7erik \u00fcreticisi, ara\u015ft\u0131rmac\u0131 ve genel y\u00f6netici olarak g\u00f6rev yapmaktad\u0131r.<\/p>\t\t\t\t\t\t<\/div>\n\t\t\t\t<\/div>\n\t\t\t\t\t<\/div>\n\t\t<\/div>\n\t\t\t\t\t\t\t<\/div>\n\t\t<\/section>\n\t\t\t\t<section class=\"elementor-section elementor-top-section elementor-element elementor-element-3d4763f elementor-section-boxed elementor-section-height-default elementor-section-height-default\" data-id=\"3d4763f\" data-element_type=\"section\">\n\t\t\t\t\t\t<div class=\"elementor-container elementor-column-gap-default\">\n\t\t\t\t\t<div class=\"elementor-column elementor-col-100 elementor-top-column elementor-element elementor-element-984d807\" data-id=\"984d807\" data-element_type=\"column\">\n\t\t\t<div class=\"elementor-widget-wrap elementor-element-populated\">\n\t\t\t\t\t\t\t\t<div class=\"elementor-element elementor-element-66fd5b7 elementor-widget elementor-widget-image\" data-id=\"66fd5b7\" data-element_type=\"widget\" data-widget_type=\"image.default\">\n\t\t\t\t<div class=\"elementor-widget-container\">\n\t\t\t\t\t\t\t\t\t\t\t\t\t\t\t<img decoding=\"async\" width=\"1024\" height=\"728\" src=\"https:\/\/biotr.org\/wp-content\/uploads\/2023\/12\/cv_busrabodur.jpg\" class=\"attachment-large size-large wp-image-6646\" alt=\"\" loading=\"lazy\" srcset=\"https:\/\/biotr.org\/wp-content\/uploads\/2023\/12\/cv_busrabodur.jpg 1024w, https:\/\/biotr.org\/wp-content\/uploads\/2023\/12\/cv_busrabodur-300x213.jpg 300w, https:\/\/biotr.org\/wp-content\/uploads\/2023\/12\/cv_busrabodur-768x546.jpg 768w\" sizes=\"(max-width: 1024px) 100vw, 1024px\" \/>\t\t\t\t\t\t\t\t\t\t\t\t\t\t\t<\/div>\n\t\t\t\t<\/div>\n\t\t\t\t\t<\/div>\n\t\t<\/div>\n\t\t\t\t\t\t\t<\/div>\n\t\t<\/section>\n\t\t\t\t<section class=\"elementor-section elementor-top-section elementor-element elementor-element-d2ad604 elementor-section-boxed elementor-section-height-default elementor-section-height-default\" data-id=\"d2ad604\" data-element_type=\"section\">\n\t\t\t\t\t\t<div class=\"elementor-container elementor-column-gap-default\">\n\t\t\t\t\t<div class=\"elementor-column elementor-col-100 elementor-top-column elementor-element elementor-element-3017de5\" data-id=\"3017de5\" data-element_type=\"column\">\n\t\t\t<div class=\"elementor-widget-wrap elementor-element-populated\">\n\t\t\t\t\t\t\t\t<div class=\"elementor-element elementor-element-c3106d4 elementor-widget elementor-widget-html\" data-id=\"c3106d4\" data-element_type=\"widget\" data-widget_type=\"html.default\">\n\t\t\t\t<div class=\"elementor-widget-container\">\n\t\t\t<audio autoplay id=\"myaudio\">\r\n  <source src=\"https:\/\/biotr.org\/wp-content\/uploads\/2023\/11\/ben-boyleyim.mp3\">\r\n<\/audio>\r\n\r\n<script>\r\n  var audio = document.getElementById(\"myaudio\");\r\n  audio.volume = 0.2;\r\n<\/script>\t\t<\/div>\n\t\t\t\t<\/div>\n\t\t\t\t\t<\/div>\n\t\t<\/div>\n\t\t\t\t\t\t\t<\/div>\n\t\t<\/section>\n\t\t\t\t\t\t\t<\/div>\n\t\t","protected":false},"excerpt":{"rendered":"<p>B\u00fc\u015fra Bodur Tasar\u0131mc\u0131 1997 Tokat do\u011fumludur. Hen\u00fcz 2 ya\u015f\u0131ndayken ailesi ile birlikte \u0130stanbul&#8217;a ta\u015f\u0131nm\u0131\u015ft\u0131r. Ya\u015fam\u0131na halen ayn\u0131 yerde devam etmektedir. \u0130lk ve orta okulda \u00f6\u011fretmenlerinin y\u00f6nlendirmesiyle bilgi yar\u0131\u015fmalar\u0131 ve matematik olimpiyatlar\u0131na kat\u0131lm\u0131\u015ft\u0131r. Sonucunda da Okul birincili\u011fi madalyas\u0131 kazanm\u0131\u015ft\u0131r. 2019 y\u0131l\u0131nda \u0130stanbul K\u00fclt\u00fcr \u00dcniversitesi \u0130\u00e7 Mimarl\u0131k ve \u00c7evre Tasar\u0131m\u0131 b\u00f6l\u00fcm\u00fcn\u00fc, 2020 y\u0131l\u0131nda ise \u00e7ift anadal program\u0131 [&hellip;]<\/p>\n","protected":false},"author":1,"featured_media":0,"parent":0,"menu_order":0,"comment_status":"closed","ping_status":"closed","template":"template-homepage.php","meta":[],"_links":{"self":[{"href":"https:\/\/biotr.org\/index.php\/wp-json\/wp\/v2\/pages\/5769"}],"collection":[{"href":"https:\/\/biotr.org\/index.php\/wp-json\/wp\/v2\/pages"}],"about":[{"href":"https:\/\/biotr.org\/index.php\/wp-json\/wp\/v2\/types\/page"}],"author":[{"embeddable":true,"href":"https:\/\/biotr.org\/index.php\/wp-json\/wp\/v2\/users\/1"}],"replies":[{"embeddable":true,"href":"https:\/\/biotr.org\/index.php\/wp-json\/wp\/v2\/comments?post=5769"}],"version-history":[{"count":10,"href":"https:\/\/biotr.org\/index.php\/wp-json\/wp\/v2\/pages\/5769\/revisions"}],"predecessor-version":[{"id":6676,"href":"https:\/\/biotr.org\/index.php\/wp-json\/wp\/v2\/pages\/5769\/revisions\/6676"}],"wp:attachment":[{"href":"https:\/\/biotr.org\/index.php\/wp-json\/wp\/v2\/media?parent=5769"}],"curies":[{"name":"wp","href":"https:\/\/api.w.org\/{rel}","templated":true}]}}