{"id":5313,"date":"2023-11-14T22:54:56","date_gmt":"2023-11-14T22:54:56","guid":{"rendered":"https:\/\/biotr.org\/?page_id=5313"},"modified":"2023-11-23T13:00:07","modified_gmt":"2023-11-23T13:00:07","slug":"kim","status":"publish","type":"page","link":"https:\/\/biotr.org\/index.php\/kim\/","title":{"rendered":"Kim?"},"content":{"rendered":"\t\t<div data-elementor-type=\"wp-page\" data-elementor-id=\"5313\" class=\"elementor elementor-5313\">\n\t\t\t\t\t\t\t\t\t<section class=\"elementor-section elementor-top-section elementor-element elementor-element-b5d7944 elementor-section-boxed elementor-section-height-default elementor-section-height-default\" data-id=\"b5d7944\" data-element_type=\"section\">\n\t\t\t\t\t\t<div class=\"elementor-container elementor-column-gap-default\">\n\t\t\t\t\t<div class=\"elementor-column elementor-col-100 elementor-top-column elementor-element elementor-element-073ca49\" data-id=\"073ca49\" data-element_type=\"column\">\n\t\t\t<div class=\"elementor-widget-wrap elementor-element-populated\">\n\t\t\t\t\t\t\t\t<div class=\"elementor-element elementor-element-768b249 elementor-widget elementor-widget-spacer\" data-id=\"768b249\" data-element_type=\"widget\" data-widget_type=\"spacer.default\">\n\t\t\t\t<div class=\"elementor-widget-container\">\n\t\t\t<style>\/*! elementor - v3.17.0 - 08-11-2023 *\/\n.elementor-column .elementor-spacer-inner{height:var(--spacer-size)}.e-con{--container-widget-width:100%}.e-con-inner>.elementor-widget-spacer,.e-con>.elementor-widget-spacer{width:var(--container-widget-width,var(--spacer-size));--align-self:var(--container-widget-align-self,initial);--flex-shrink:0}.e-con-inner>.elementor-widget-spacer>.elementor-widget-container,.e-con>.elementor-widget-spacer>.elementor-widget-container{height:100%;width:100%}.e-con-inner>.elementor-widget-spacer>.elementor-widget-container>.elementor-spacer,.e-con>.elementor-widget-spacer>.elementor-widget-container>.elementor-spacer{height:100%}.e-con-inner>.elementor-widget-spacer>.elementor-widget-container>.elementor-spacer>.elementor-spacer-inner,.e-con>.elementor-widget-spacer>.elementor-widget-container>.elementor-spacer>.elementor-spacer-inner{height:var(--container-widget-height,var(--spacer-size))}.e-con-inner>.elementor-widget-spacer.elementor-widget-empty,.e-con>.elementor-widget-spacer.elementor-widget-empty{position:relative;min-height:22px;min-width:22px}.e-con-inner>.elementor-widget-spacer.elementor-widget-empty .elementor-widget-empty-icon,.e-con>.elementor-widget-spacer.elementor-widget-empty .elementor-widget-empty-icon{position:absolute;top:0;bottom:0;left:0;right:0;margin:auto;padding:0;width:22px;height:22px}<\/style>\t\t<div class=\"elementor-spacer\">\n\t\t\t<div class=\"elementor-spacer-inner\"><\/div>\n\t\t<\/div>\n\t\t\t\t<\/div>\n\t\t\t\t<\/div>\n\t\t\t\t\t<\/div>\n\t\t<\/div>\n\t\t\t\t\t\t\t<\/div>\n\t\t<\/section>\n\t\t\t\t<section class=\"elementor-section elementor-top-section elementor-element elementor-element-c8ae4d9 elementor-section-boxed elementor-section-height-default elementor-section-height-default\" data-id=\"c8ae4d9\" data-element_type=\"section\">\n\t\t\t\t\t\t<div class=\"elementor-container elementor-column-gap-default\">\n\t\t\t\t\t<div class=\"elementor-column elementor-col-100 elementor-top-column elementor-element elementor-element-dc0d1cc\" data-id=\"dc0d1cc\" data-element_type=\"column\">\n\t\t\t<div class=\"elementor-widget-wrap elementor-element-populated\">\n\t\t\t\t\t\t\t\t<div class=\"elementor-element elementor-element-f01533b elementor-tabs-view-horizontal elementor-widget elementor-widget-tabs\" data-id=\"f01533b\" data-element_type=\"widget\" data-widget_type=\"tabs.default\">\n\t\t\t\t<div class=\"elementor-widget-container\">\n\t\t\t<style>\/*! elementor - v3.17.0 - 08-11-2023 *\/\n.elementor-widget-tabs.elementor-tabs-view-vertical .elementor-tabs-wrapper{width:25%;flex-shrink:0}.elementor-widget-tabs.elementor-tabs-view-vertical .elementor-tab-desktop-title.elementor-active{border-right-style:none}.elementor-widget-tabs.elementor-tabs-view-vertical .elementor-tab-desktop-title.elementor-active:after,.elementor-widget-tabs.elementor-tabs-view-vertical .elementor-tab-desktop-title.elementor-active:before{height:999em;width:0;right:0;border-right-style:solid}.elementor-widget-tabs.elementor-tabs-view-vertical .elementor-tab-desktop-title.elementor-active:before{top:0;transform:translateY(-100%)}.elementor-widget-tabs.elementor-tabs-view-vertical .elementor-tab-desktop-title.elementor-active:after{top:100%}.elementor-widget-tabs.elementor-tabs-view-horizontal .elementor-tab-desktop-title{display:table-cell}.elementor-widget-tabs.elementor-tabs-view-horizontal .elementor-tab-desktop-title.elementor-active{border-bottom-style:none}.elementor-widget-tabs.elementor-tabs-view-horizontal .elementor-tab-desktop-title.elementor-active:after,.elementor-widget-tabs.elementor-tabs-view-horizontal .elementor-tab-desktop-title.elementor-active:before{bottom:0;height:0;width:999em;border-bottom-style:solid}.elementor-widget-tabs.elementor-tabs-view-horizontal .elementor-tab-desktop-title.elementor-active:before{right:100%}.elementor-widget-tabs.elementor-tabs-view-horizontal .elementor-tab-desktop-title.elementor-active:after{left:100%}.elementor-widget-tabs .elementor-tab-content,.elementor-widget-tabs .elementor-tab-title,.elementor-widget-tabs .elementor-tab-title:after,.elementor-widget-tabs .elementor-tab-title:before,.elementor-widget-tabs .elementor-tabs-content-wrapper{border:1px #d5d8dc}.elementor-widget-tabs .elementor-tabs{text-align:left}.elementor-widget-tabs .elementor-tabs-wrapper{overflow:hidden}.elementor-widget-tabs .elementor-tab-title{cursor:pointer;outline:var(--focus-outline,none)}.elementor-widget-tabs .elementor-tab-desktop-title{position:relative;padding:20px 25px;font-weight:700;line-height:1;border:solid transparent}.elementor-widget-tabs .elementor-tab-desktop-title.elementor-active{border-color:#d5d8dc}.elementor-widget-tabs .elementor-tab-desktop-title.elementor-active:after,.elementor-widget-tabs .elementor-tab-desktop-title.elementor-active:before{display:block;content:\"\";position:absolute}.elementor-widget-tabs .elementor-tab-desktop-title:focus-visible{border:1px solid #000}.elementor-widget-tabs .elementor-tab-mobile-title{padding:10px;cursor:pointer}.elementor-widget-tabs .elementor-tab-content{padding:20px;display:none}@media (max-width:767px){.elementor-tabs .elementor-tab-content,.elementor-tabs .elementor-tab-title{border-style:solid solid none}.elementor-tabs .elementor-tabs-wrapper{display:none}.elementor-tabs .elementor-tabs-content-wrapper{border-bottom-style:solid}.elementor-tabs .elementor-tab-content{padding:10px}}@media (min-width:768px){.elementor-widget-tabs.elementor-tabs-view-vertical .elementor-tabs{display:flex}.elementor-widget-tabs.elementor-tabs-view-vertical .elementor-tabs-wrapper{flex-direction:column}.elementor-widget-tabs.elementor-tabs-view-vertical .elementor-tabs-content-wrapper{flex-grow:1;border-style:solid solid solid none}.elementor-widget-tabs.elementor-tabs-view-horizontal .elementor-tab-content{border-style:none solid solid}.elementor-widget-tabs.elementor-tabs-alignment-center .elementor-tabs-wrapper,.elementor-widget-tabs.elementor-tabs-alignment-end .elementor-tabs-wrapper,.elementor-widget-tabs.elementor-tabs-alignment-stretch .elementor-tabs-wrapper{display:flex}.elementor-widget-tabs.elementor-tabs-alignment-center .elementor-tabs-wrapper{justify-content:center}.elementor-widget-tabs.elementor-tabs-alignment-end .elementor-tabs-wrapper{justify-content:flex-end}.elementor-widget-tabs.elementor-tabs-alignment-stretch.elementor-tabs-view-horizontal .elementor-tab-title{width:100%}.elementor-widget-tabs.elementor-tabs-alignment-stretch.elementor-tabs-view-vertical .elementor-tab-title{height:100%}.elementor-tabs .elementor-tab-mobile-title{display:none}}<\/style>\t\t<div class=\"elementor-tabs\">\n\t\t\t<div class=\"elementor-tabs-wrapper\" role=\"tablist\" >\n\t\t\t\t\t\t\t\t\t<div id=\"elementor-tab-title-2511\" class=\"elementor-tab-title elementor-tab-desktop-title\" aria-selected=\"true\" data-tab=\"1\" role=\"tab\" tabindex=\"0\" aria-controls=\"elementor-tab-content-2511\" aria-expanded=\"false\">Biz Kimiz?<\/div>\n\t\t\t\t\t\t\t\t\t<div id=\"elementor-tab-title-2512\" class=\"elementor-tab-title elementor-tab-desktop-title\" aria-selected=\"false\" data-tab=\"2\" role=\"tab\" tabindex=\"-1\" aria-controls=\"elementor-tab-content-2512\" aria-expanded=\"false\">Pexa ve Bioiklim<\/div>\n\t\t\t\t\t\t\t<\/div>\n\t\t\t<div class=\"elementor-tabs-content-wrapper\" role=\"tablist\" aria-orientation=\"vertical\">\n\t\t\t\t\t\t\t\t\t<div class=\"elementor-tab-title elementor-tab-mobile-title\" aria-selected=\"true\" data-tab=\"1\" role=\"tab\" tabindex=\"0\" aria-controls=\"elementor-tab-content-2511\" aria-expanded=\"false\">Biz Kimiz?<\/div>\n\t\t\t\t\t<div id=\"elementor-tab-content-2511\" class=\"elementor-tab-content elementor-clearfix\" data-tab=\"1\" role=\"tabpanel\" aria-labelledby=\"elementor-tab-title-2511\" tabindex=\"0\" hidden=\"false\"><p><span style=\"color: var( --e-global-color-text ); font-family: var(--creote-family-two);\">Kurulu\u015fumuz, taze bir nefes ve \u00e7evre dostu bir yakla\u015f\u0131m ile sekt\u00f6re ad\u0131m atm\u0131\u015ft\u0131r. Biz, gen\u00e7 bir ekip olarak biyomimikri ilkesini benimseyerek, do\u011fadan ilham alarak \u00e7\u00f6z\u00fcmler \u00fcretiyoruz. Her bir tak\u0131m \u00fcyemizin enerjisi, do\u011fa sevgisi ve yarat\u0131c\u0131l\u0131\u011f\u0131, i\u015f modelimizin temelini olu\u015ftururken, s\u00fcrd\u00fcr\u00fclebilirlik ilkeleri ve \u00e7evresel duyarl\u0131l\u0131k, her ad\u0131m\u0131m\u0131zda rehberimiz oluyor. M\u00fc\u015fteri memnuniyetine verdi\u011fimiz \u00f6nemle, sundu\u011fumuz \u00e7\u00f6z\u00fcmlerde \u00e7evresel etkiyi en aza indirerek, gelecek nesiller i\u00e7in ya\u015fanabilir bir d\u00fcnya olu\u015fturmaya odaklan\u0131yoruz. \u0130novasyonun ve biyomimikri prensiplerinin i\u015fleyi\u015fimize entegre edildi\u011fi bu yeni ba\u015flang\u0131\u00e7, hem sekt\u00f6rde fark yaratmay\u0131 hem de \u00e7evre dostu bir gelecek in\u015fa etmeyi ama\u00e7l\u0131yor.<\/span><\/p>\n<p><br><\/p>\n<p><\/p><\/div>\n\t\t\t\t\t\t\t\t\t<div class=\"elementor-tab-title elementor-tab-mobile-title\" aria-selected=\"false\" data-tab=\"2\" role=\"tab\" tabindex=\"-1\" aria-controls=\"elementor-tab-content-2512\" aria-expanded=\"false\">Pexa ve Bioiklim<\/div>\n\t\t\t\t\t<div id=\"elementor-tab-content-2512\" class=\"elementor-tab-content elementor-clearfix\" data-tab=\"2\" role=\"tabpanel\" aria-labelledby=\"elementor-tab-title-2512\" tabindex=\"0\" hidden=\"hidden\"><p>\u00a0Evren kendi tarihsel s\u00fcrecinde 3 temel a\u015famadan ge\u00e7mi\u015ftir. Ba\u015fta sadece <b>F\u0130Z\u0130K<\/b> vard\u0131.<br \/>Ta ki 2. nesil y\u0131ld\u0131zlar\u0131n do\u011fumuyla <b>K\u0130MYA<\/b> devreye girene kadar. Son a\u015famada bizim g\u00f6zlemimiz <b>YERY\u00dcZ\u00dcNDE<\/b> ko\u015fullar olu\u015funca<br \/>Hayat dedi\u011fimiz <b>B\u0130OSFER<\/b> meydana geldi. Sonunda\u00a0<b>B\u0130YOLOJ\u0130<\/b>\u00a0bizi anlatan bilim do\u011fdu.<br \/>R\u00f6nesansla ba\u015flayan 300 y\u0131ll\u0131k kimya a\u011f\u0131rl\u0131kl\u0131 end\u00fcstri d\u00f6nemi, bug\u00fcnden bak\u0131ld\u0131\u011f\u0131nda insanl\u0131\u011f\u0131n o g\u00fcn yanl\u0131\u015f yola girdi\u011fini g\u00f6sterdi.<\/p><p style=\"font-weight: 400;\">Yanl\u0131\u015f yolculu\u011fa alternatif aray\u0131\u015flar, 1990 y\u0131l\u0131ndan sonra (Sovyetlerin \u00c7\u00f6k\u00fc\u015f\u00fc) tek kutuplu d\u00f6nemde h\u0131zland\u0131. D\u00fcnya ayd\u0131nlar\u0131 i\u00e7inde\u00a0<b>gelecek okur yazar\u0131<\/b>\u00a0olanlar vahameti erkenden g\u00f6rd\u00fcler. Gezegenimiz evrende nadir bulunan\u00a0<b>hayat\u0131n evi misyonunu<\/b>\u00a0\u00fcstlenmi\u015fti. \u0130nsanl\u0131\u011f\u0131n biyosferi bozmas\u0131 toplu imha haraketi idi.<br \/>Hastal\u0131\u011f\u0131n te\u015fhisi netle\u015fince tedavi i\u00e7in giri\u015fimler de artt\u0131. D\u00fcnya \u00e7evre \u00f6rg\u00fctleri, Birle\u015fmi\u015f Milletler ve duyarl\u0131 \u00e7evreler, \u00f6zellikler d\u00fcr\u00fcst devletler aray\u0131\u015f i\u00e7indeydi.<br \/>Di\u011fer yandan bireysel aray\u0131\u015flarda s\u00fcrmekteydi. \u0130lk \u00f6rnekler Avrupada\u00a0<b>Ye\u015fil Partiler<\/b>\u00a0\u015feklinde adland\u0131r\u0131lan\u00a0<b>politik d\u00f6n\u00fc\u015f\u00fcm hedefli<\/b><b>\u00a0<\/b>giri\u015fimlerdi.<br \/>Ancak b\u00fct\u00fcn bunlar; yeterince yarat\u0131c\u0131 de\u011fildi, sadece olgulara muhalefet olarak geli\u015fmekteydi.<br \/>Haliyle\u00a0<b>finans kapitalin<\/b>\u00a0bi\u00e7imlendirdi\u011fi ve ivmelendirdi\u011fi\u00a0<b>t\u00fcketim ekonomisi<\/b>\u00a0bu zay\u0131f muhalefetten hi\u00e7 etkilenmiyor h\u0131zla tahribata devam ediyordu.<\/p><p style=\"font-weight: 400;\">\u00c7\u00f6z\u00fcm daha derin ve \u00e7ok y\u00f6nl\u00fc ele al\u0131nmal\u0131yd\u0131. Her \u015feyden \u00f6nce yeni d\u00f6nemin\u00a0<b>s\u0131f\u0131rdan teorik arka plan\u0131<\/b>\u00a0haz\u0131rlanmal\u0131yd\u0131.<\/p><p style=\"font-weight: 400;\"><br \/>\u0130\u015fte 1997 y\u0131l\u0131nda Montana \u2018da gen\u00e7 bir biyolog\u00a0<b>\u2018kutuya d\u0131\u015fardan bakarak\u2019<\/b><b>\u00a0<\/b>\u00e7ok k\u00f6kl\u00fc bir teori geli\u015ftirdi.\u00a0<b>\u201cBiomimicry\u201d<\/b>\u00a0adl\u0131 esriyle do\u011fay\u0131 benimsemeyi,<br \/>onu \u00f6rnek almay\u0131,\u00a0<b>yap\u0131lacak bulu\u015flar\u0131 da ona \u00f6yk\u00fcnerek, taklit ederek yapmal\u0131y\u0131z<\/b>\u00a0tezini kitapla\u015ft\u0131rd\u0131. \u00c7ok beklenen ana strateji ve do\u011fru bir te\u015fhisti\u2026 Taraftar buldu, \u00f6nce bir Enstit\u00fc ve ard\u0131ndan 36 \u00fclkede te\u015fkilatlanma h\u0131zland\u0131.\u00a0Yeni\u00a0<b>bio-end\u00fcstri \u00e7a\u011f\u0131<\/b>\u00a0b\u00f6yle ba\u015flad\u0131. Biz bu cephede yer almaya 2010 y\u0131l\u0131nda karar verdik. 05\/Ocak\/2010 da yeniden do\u011fduk, kendimizi yeni \u015fekillenen\u00a0\u00a0<b>EKOLAKE<\/b>\u00a0i\u00e7inde y\u00fczer bulduk. G\u00fcne\u015f enerjisini kullanarak yap\u0131larda iklimlendirme \u00fczerinde yo\u011funla\u015ft\u0131k.\u00a0<b>PVT + HP + Biopex + PEXa = XDAO<\/b>\u00a0ile yol har\u0131tam\u0131z ve \u00e7al\u0131\u015fma prensipleri belirlendi. Araya pandemi girdi, bu bizi mutfak i\u015flerine y\u00f6neltti ve daha da peki\u015ftirdi. Sonunda 2022 y\u0131l\u0131 itibar\u0131yla Biomimicry Enstit\u00fcs\u00fcne kat\u0131lmaya karar verdik.<\/p><p style=\"font-weight: 400;\">\u00a0<\/p><p style=\"font-weight: 400;\">T\u00fcrkiye i\u00e7in ad\u0131m\u0131z\u0131\u00a0<b>BIOTR<\/b>\u00a0olarak tescil ettirdik. \u015eimdi sizlerle beraberiz.<a href=\"https:\/\/www.biotr.org\/\">\u00a0<b>https:\/\/www.biotr.org<\/b><\/a><b>\u00a0<\/b>\u00a0\u00fczerinde yap\u0131lan\u0131yoruz. De\u011fer \u00fcretebilen herkesi payda\u015f olarak g\u00f6rmek isteriz.<\/p><\/div>\n\t\t\t\t\t\t\t<\/div>\n\t\t<\/div>\n\t\t\t\t<\/div>\n\t\t\t\t<\/div>\n\t\t\t\t\t<\/div>\n\t\t<\/div>\n\t\t\t\t\t\t\t<\/div>\n\t\t<\/section>\n\t\t\t\t<section class=\"elementor-section elementor-top-section elementor-element elementor-element-9484cd7 elementor-section-boxed elementor-section-height-default elementor-section-height-default\" data-id=\"9484cd7\" data-element_type=\"section\">\n\t\t\t\t\t\t<div class=\"elementor-container elementor-column-gap-default\">\n\t\t\t\t\t<div class=\"elementor-column elementor-col-100 elementor-top-column elementor-element elementor-element-b1f615a\" data-id=\"b1f615a\" data-element_type=\"column\">\n\t\t\t<div class=\"elementor-widget-wrap elementor-element-populated\">\n\t\t\t\t\t\t\t\t<div class=\"elementor-element elementor-element-08b4ebf elementor-widget elementor-widget-spacer\" data-id=\"08b4ebf\" data-element_type=\"widget\" data-widget_type=\"spacer.default\">\n\t\t\t\t<div class=\"elementor-widget-container\">\n\t\t\t\t\t<div class=\"elementor-spacer\">\n\t\t\t<div class=\"elementor-spacer-inner\"><\/div>\n\t\t<\/div>\n\t\t\t\t<\/div>\n\t\t\t\t<\/div>\n\t\t\t\t\t<\/div>\n\t\t<\/div>\n\t\t\t\t\t\t\t<\/div>\n\t\t<\/section>\n\t\t\t\t<section class=\"elementor-section elementor-top-section elementor-element elementor-element-69e8dcb elementor-section-boxed elementor-section-height-default elementor-section-height-default\" data-id=\"69e8dcb\" data-element_type=\"section\">\n\t\t\t\t\t\t<div class=\"elementor-container elementor-column-gap-default\">\n\t\t\t\t\t<div class=\"elementor-column elementor-col-25 elementor-top-column elementor-element elementor-element-96556d1\" data-id=\"96556d1\" data-element_type=\"column\">\n\t\t\t<div class=\"elementor-widget-wrap elementor-element-populated\">\n\t\t\t\t\t\t\t\t<div class=\"elementor-element elementor-element-2166175 elementor-widget elementor-widget-creote-team-v1\" data-id=\"2166175\" data-element_type=\"widget\" data-widget_type=\"creote-team-v1.default\">\n\t\t\t\t<div class=\"elementor-widget-container\">\n\t\t\t<div class=\"team_box style_one\">\n      <div class=\"team_box_outer\">\n            <div class=\"member_image\">\n         <img decoding=\"async\" src=\"https:\/\/biotr.org\/wp-content\/uploads\/2023\/11\/AV.SB-portre.jpg\" alt=\"image\" \/>\n      <\/div>\n            <div class=\"about_member\">\n                  <div class=\"authour_details\">\n                        <span>Kurucu <\/span>\n                                    <h6>S\u00fcleyman Bayramo\u011flu<\/h6>\n                                    <div class=\"button_view\">\n               <a href=\"\"  target=&quot;_blank&quot;                   rel=&quot;nofollow&quot; class=\"theme-btn one\">\n                  Profili G\u00f6r\u00fcnt\u00fcle               <\/a>\n            <\/div>\n                     <\/div>\n      <\/div>\n   <\/div>\n   <\/div>\n\t\t<\/div>\n\t\t\t\t<\/div>\n\t\t\t\t\t<\/div>\n\t\t<\/div>\n\t\t\t\t<div class=\"elementor-column elementor-col-25 elementor-top-column elementor-element elementor-element-33c4294\" data-id=\"33c4294\" data-element_type=\"column\">\n\t\t\t<div class=\"elementor-widget-wrap elementor-element-populated\">\n\t\t\t\t\t\t\t\t<div class=\"elementor-element elementor-element-b7bf663 elementor-widget elementor-widget-creote-team-v1\" data-id=\"b7bf663\" data-element_type=\"widget\" data-widget_type=\"creote-team-v1.default\">\n\t\t\t\t<div class=\"elementor-widget-container\">\n\t\t\t<div class=\"team_box style_one\">\n      <div class=\"team_box_outer\">\n            <div class=\"member_image\">\n         <img decoding=\"async\" src=\"https:\/\/biotr.org\/wp-content\/uploads\/2023\/11\/ab.png\" alt=\"image\" \/>\n      <\/div>\n            <div class=\"about_member\">\n                  <div class=\"authour_details\">\n                        <span>Mimar <\/span>\n                                    <h6>Abd\u00fcrrahim Bayramo\u011flu<\/h6>\n                                    <div class=\"button_view\">\n               <a href=\"\"  target=&quot;_blank&quot;                   rel=&quot;nofollow&quot; class=\"theme-btn one\">\n                  Profili G\u00f6r\u00fcnt\u00fcle               <\/a>\n            <\/div>\n                     <\/div>\n      <\/div>\n   <\/div>\n   <\/div>\n\t\t<\/div>\n\t\t\t\t<\/div>\n\t\t\t\t\t<\/div>\n\t\t<\/div>\n\t\t\t\t<div class=\"elementor-column elementor-col-25 elementor-top-column elementor-element elementor-element-caff4d1\" data-id=\"caff4d1\" data-element_type=\"column\">\n\t\t\t<div class=\"elementor-widget-wrap elementor-element-populated\">\n\t\t\t\t\t\t\t\t<div class=\"elementor-element elementor-element-94cca1b elementor-widget elementor-widget-creote-team-v1\" data-id=\"94cca1b\" data-element_type=\"widget\" data-widget_type=\"creote-team-v1.default\">\n\t\t\t\t<div class=\"elementor-widget-container\">\n\t\t\t<div class=\"team_box style_one\">\n      <div class=\"team_box_outer\">\n            <div class=\"member_image\">\n         <img decoding=\"async\" src=\"https:\/\/biotr.org\/wp-content\/uploads\/2023\/11\/1-1.jpg\" alt=\"image\" \/>\n      <\/div>\n            <div class=\"about_member\">\n                  <div class=\"authour_details\">\n                        <span>G\u00f6rsel Tasar\u0131mc\u0131 <\/span>\n                                    <h6>B\u00fc\u015fra Bodur<\/h6>\n                                    <div class=\"button_view\">\n               <a href=\"\"  target=&quot;_blank&quot;                   rel=&quot;nofollow&quot; class=\"theme-btn one\">\n                  Profili G\u00f6r\u00fcnt\u00fcle               <\/a>\n            <\/div>\n                     <\/div>\n      <\/div>\n   <\/div>\n   <\/div>\n\t\t<\/div>\n\t\t\t\t<\/div>\n\t\t\t\t\t<\/div>\n\t\t<\/div>\n\t\t\t\t<div class=\"elementor-column elementor-col-25 elementor-top-column elementor-element elementor-element-990f310\" data-id=\"990f310\" data-element_type=\"column\">\n\t\t\t<div class=\"elementor-widget-wrap elementor-element-populated\">\n\t\t\t\t\t\t\t\t<div class=\"elementor-element elementor-element-0449e04 elementor-widget elementor-widget-creote-team-v1\" data-id=\"0449e04\" data-element_type=\"widget\" data-widget_type=\"creote-team-v1.default\">\n\t\t\t\t<div class=\"elementor-widget-container\">\n\t\t\t<div class=\"team_box style_one\">\n      <div class=\"team_box_outer\">\n            <div class=\"member_image\">\n         <img decoding=\"async\" src=\"https:\/\/biotr.org\/wp-content\/uploads\/2023\/11\/za.png\" alt=\"image\" \/>\n      <\/div>\n            <div class=\"about_member\">\n                  <div class=\"authour_details\">\n                        <span>Molek\u00fcler Biyolog <\/span>\n                                    <h6>Zehra A\u011f\u0131rtm\u0131\u015f<\/h6>\n                                    <div class=\"button_view\">\n               <a href=\"\"  target=&quot;_blank&quot;                   rel=&quot;nofollow&quot; class=\"theme-btn one\">\n                  Profili G\u00f6r\u00fcnt\u00fcle               <\/a>\n            <\/div>\n                     <\/div>\n      <\/div>\n   <\/div>\n   <\/div>\n\t\t<\/div>\n\t\t\t\t<\/div>\n\t\t\t\t\t<\/div>\n\t\t<\/div>\n\t\t\t\t\t\t\t<\/div>\n\t\t<\/section>\n\t\t\t\t\t\t\t<\/div>\n\t\t","protected":false},"excerpt":{"rendered":"<p>Biz Kimiz? Pexa ve Bioiklim Biz Kimiz? Kurulu\u015fumuz, taze bir nefes ve \u00e7evre dostu bir yakla\u015f\u0131m ile sekt\u00f6re ad\u0131m atm\u0131\u015ft\u0131r. Biz, gen\u00e7 bir ekip olarak biyomimikri ilkesini benimseyerek, do\u011fadan ilham alarak \u00e7\u00f6z\u00fcmler \u00fcretiyoruz. Her bir tak\u0131m \u00fcyemizin enerjisi, do\u011fa sevgisi ve yarat\u0131c\u0131l\u0131\u011f\u0131, i\u015f modelimizin temelini olu\u015ftururken, s\u00fcrd\u00fcr\u00fclebilirlik ilkeleri ve \u00e7evresel duyarl\u0131l\u0131k, her ad\u0131m\u0131m\u0131zda rehberimiz oluyor. [&hellip;]<\/p>\n","protected":false},"author":1,"featured_media":0,"parent":0,"menu_order":0,"comment_status":"closed","ping_status":"closed","template":"template-homepage.php","meta":[],"_links":{"self":[{"href":"https:\/\/biotr.org\/index.php\/wp-json\/wp\/v2\/pages\/5313"}],"collection":[{"href":"https:\/\/biotr.org\/index.php\/wp-json\/wp\/v2\/pages"}],"about":[{"href":"https:\/\/biotr.org\/index.php\/wp-json\/wp\/v2\/types\/page"}],"author":[{"embeddable":true,"href":"https:\/\/biotr.org\/index.php\/wp-json\/wp\/v2\/users\/1"}],"replies":[{"embeddable":true,"href":"https:\/\/biotr.org\/index.php\/wp-json\/wp\/v2\/comments?post=5313"}],"version-history":[{"count":26,"href":"https:\/\/biotr.org\/index.php\/wp-json\/wp\/v2\/pages\/5313\/revisions"}],"predecessor-version":[{"id":5876,"href":"https:\/\/biotr.org\/index.php\/wp-json\/wp\/v2\/pages\/5313\/revisions\/5876"}],"wp:attachment":[{"href":"https:\/\/biotr.org\/index.php\/wp-json\/wp\/v2\/media?parent=5313"}],"curies":[{"name":"wp","href":"https:\/\/api.w.org\/{rel}","templated":true}]}}