{"id":5309,"date":"2023-11-14T22:54:12","date_gmt":"2023-11-14T22:54:12","guid":{"rendered":"https:\/\/biotr.org\/?page_id=5309"},"modified":"2023-11-23T10:10:10","modified_gmt":"2023-11-23T10:10:10","slug":"nasil","status":"publish","type":"page","link":"https:\/\/biotr.org\/index.php\/nasil\/","title":{"rendered":"Nas\u0131l?"},"content":{"rendered":"\t\t<div data-elementor-type=\"wp-page\" data-elementor-id=\"5309\" class=\"elementor elementor-5309\">\n\t\t\t\t\t\t\t\t\t<section class=\"elementor-section elementor-top-section elementor-element elementor-element-2a86fa3 elementor-section-boxed elementor-section-height-default elementor-section-height-default\" data-id=\"2a86fa3\" data-element_type=\"section\">\n\t\t\t\t\t\t<div class=\"elementor-container elementor-column-gap-default\">\n\t\t\t\t\t<div class=\"elementor-column elementor-col-100 elementor-top-column elementor-element elementor-element-0228972\" data-id=\"0228972\" data-element_type=\"column\">\n\t\t\t<div class=\"elementor-widget-wrap elementor-element-populated\">\n\t\t\t\t\t\t\t\t<div class=\"elementor-element elementor-element-74900db elementor-widget elementor-widget-spacer\" data-id=\"74900db\" data-element_type=\"widget\" data-widget_type=\"spacer.default\">\n\t\t\t\t<div class=\"elementor-widget-container\">\n\t\t\t<style>\/*! elementor - v3.17.0 - 08-11-2023 *\/\n.elementor-column .elementor-spacer-inner{height:var(--spacer-size)}.e-con{--container-widget-width:100%}.e-con-inner>.elementor-widget-spacer,.e-con>.elementor-widget-spacer{width:var(--container-widget-width,var(--spacer-size));--align-self:var(--container-widget-align-self,initial);--flex-shrink:0}.e-con-inner>.elementor-widget-spacer>.elementor-widget-container,.e-con>.elementor-widget-spacer>.elementor-widget-container{height:100%;width:100%}.e-con-inner>.elementor-widget-spacer>.elementor-widget-container>.elementor-spacer,.e-con>.elementor-widget-spacer>.elementor-widget-container>.elementor-spacer{height:100%}.e-con-inner>.elementor-widget-spacer>.elementor-widget-container>.elementor-spacer>.elementor-spacer-inner,.e-con>.elementor-widget-spacer>.elementor-widget-container>.elementor-spacer>.elementor-spacer-inner{height:var(--container-widget-height,var(--spacer-size))}.e-con-inner>.elementor-widget-spacer.elementor-widget-empty,.e-con>.elementor-widget-spacer.elementor-widget-empty{position:relative;min-height:22px;min-width:22px}.e-con-inner>.elementor-widget-spacer.elementor-widget-empty .elementor-widget-empty-icon,.e-con>.elementor-widget-spacer.elementor-widget-empty .elementor-widget-empty-icon{position:absolute;top:0;bottom:0;left:0;right:0;margin:auto;padding:0;width:22px;height:22px}<\/style>\t\t<div class=\"elementor-spacer\">\n\t\t\t<div class=\"elementor-spacer-inner\"><\/div>\n\t\t<\/div>\n\t\t\t\t<\/div>\n\t\t\t\t<\/div>\n\t\t\t\t\t<\/div>\n\t\t<\/div>\n\t\t\t\t\t\t\t<\/div>\n\t\t<\/section>\n\t\t\t\t<section class=\"elementor-section elementor-top-section elementor-element elementor-element-6c91b99 elementor-section-boxed elementor-section-height-default elementor-section-height-default\" data-id=\"6c91b99\" data-element_type=\"section\">\n\t\t\t\t\t\t<div class=\"elementor-container elementor-column-gap-default\">\n\t\t\t\t\t<div class=\"elementor-column elementor-col-100 elementor-top-column elementor-element elementor-element-14b242b\" data-id=\"14b242b\" data-element_type=\"column\">\n\t\t\t<div class=\"elementor-widget-wrap elementor-element-populated\">\n\t\t\t\t\t\t\t\t<div class=\"elementor-element elementor-element-38bc7bd elementor-tabs-view-horizontal elementor-widget elementor-widget-tabs\" data-id=\"38bc7bd\" data-element_type=\"widget\" data-widget_type=\"tabs.default\">\n\t\t\t\t<div class=\"elementor-widget-container\">\n\t\t\t<style>\/*! elementor - v3.17.0 - 08-11-2023 *\/\n.elementor-widget-tabs.elementor-tabs-view-vertical .elementor-tabs-wrapper{width:25%;flex-shrink:0}.elementor-widget-tabs.elementor-tabs-view-vertical .elementor-tab-desktop-title.elementor-active{border-right-style:none}.elementor-widget-tabs.elementor-tabs-view-vertical .elementor-tab-desktop-title.elementor-active:after,.elementor-widget-tabs.elementor-tabs-view-vertical .elementor-tab-desktop-title.elementor-active:before{height:999em;width:0;right:0;border-right-style:solid}.elementor-widget-tabs.elementor-tabs-view-vertical .elementor-tab-desktop-title.elementor-active:before{top:0;transform:translateY(-100%)}.elementor-widget-tabs.elementor-tabs-view-vertical .elementor-tab-desktop-title.elementor-active:after{top:100%}.elementor-widget-tabs.elementor-tabs-view-horizontal .elementor-tab-desktop-title{display:table-cell}.elementor-widget-tabs.elementor-tabs-view-horizontal .elementor-tab-desktop-title.elementor-active{border-bottom-style:none}.elementor-widget-tabs.elementor-tabs-view-horizontal .elementor-tab-desktop-title.elementor-active:after,.elementor-widget-tabs.elementor-tabs-view-horizontal .elementor-tab-desktop-title.elementor-active:before{bottom:0;height:0;width:999em;border-bottom-style:solid}.elementor-widget-tabs.elementor-tabs-view-horizontal .elementor-tab-desktop-title.elementor-active:before{right:100%}.elementor-widget-tabs.elementor-tabs-view-horizontal .elementor-tab-desktop-title.elementor-active:after{left:100%}.elementor-widget-tabs .elementor-tab-content,.elementor-widget-tabs .elementor-tab-title,.elementor-widget-tabs .elementor-tab-title:after,.elementor-widget-tabs .elementor-tab-title:before,.elementor-widget-tabs .elementor-tabs-content-wrapper{border:1px #d5d8dc}.elementor-widget-tabs .elementor-tabs{text-align:left}.elementor-widget-tabs .elementor-tabs-wrapper{overflow:hidden}.elementor-widget-tabs .elementor-tab-title{cursor:pointer;outline:var(--focus-outline,none)}.elementor-widget-tabs .elementor-tab-desktop-title{position:relative;padding:20px 25px;font-weight:700;line-height:1;border:solid transparent}.elementor-widget-tabs .elementor-tab-desktop-title.elementor-active{border-color:#d5d8dc}.elementor-widget-tabs .elementor-tab-desktop-title.elementor-active:after,.elementor-widget-tabs .elementor-tab-desktop-title.elementor-active:before{display:block;content:\"\";position:absolute}.elementor-widget-tabs .elementor-tab-desktop-title:focus-visible{border:1px solid #000}.elementor-widget-tabs .elementor-tab-mobile-title{padding:10px;cursor:pointer}.elementor-widget-tabs .elementor-tab-content{padding:20px;display:none}@media (max-width:767px){.elementor-tabs .elementor-tab-content,.elementor-tabs .elementor-tab-title{border-style:solid solid none}.elementor-tabs .elementor-tabs-wrapper{display:none}.elementor-tabs .elementor-tabs-content-wrapper{border-bottom-style:solid}.elementor-tabs .elementor-tab-content{padding:10px}}@media (min-width:768px){.elementor-widget-tabs.elementor-tabs-view-vertical .elementor-tabs{display:flex}.elementor-widget-tabs.elementor-tabs-view-vertical .elementor-tabs-wrapper{flex-direction:column}.elementor-widget-tabs.elementor-tabs-view-vertical .elementor-tabs-content-wrapper{flex-grow:1;border-style:solid solid solid none}.elementor-widget-tabs.elementor-tabs-view-horizontal .elementor-tab-content{border-style:none solid solid}.elementor-widget-tabs.elementor-tabs-alignment-center .elementor-tabs-wrapper,.elementor-widget-tabs.elementor-tabs-alignment-end .elementor-tabs-wrapper,.elementor-widget-tabs.elementor-tabs-alignment-stretch .elementor-tabs-wrapper{display:flex}.elementor-widget-tabs.elementor-tabs-alignment-center .elementor-tabs-wrapper{justify-content:center}.elementor-widget-tabs.elementor-tabs-alignment-end .elementor-tabs-wrapper{justify-content:flex-end}.elementor-widget-tabs.elementor-tabs-alignment-stretch.elementor-tabs-view-horizontal .elementor-tab-title{width:100%}.elementor-widget-tabs.elementor-tabs-alignment-stretch.elementor-tabs-view-vertical .elementor-tab-title{height:100%}.elementor-tabs .elementor-tab-mobile-title{display:none}}<\/style>\t\t<div class=\"elementor-tabs\">\n\t\t\t<div class=\"elementor-tabs-wrapper\" role=\"tablist\" >\n\t\t\t\t\t\t\t\t\t<div id=\"elementor-tab-title-5941\" class=\"elementor-tab-title elementor-tab-desktop-title\" aria-selected=\"true\" data-tab=\"1\" role=\"tab\" tabindex=\"0\" aria-controls=\"elementor-tab-content-5941\" aria-expanded=\"false\">Biyomimikri ve M\u00fchendislik<\/div>\n\t\t\t\t\t\t\t\t\t<div id=\"elementor-tab-title-5942\" class=\"elementor-tab-title elementor-tab-desktop-title\" aria-selected=\"false\" data-tab=\"2\" role=\"tab\" tabindex=\"-1\" aria-controls=\"elementor-tab-content-5942\" aria-expanded=\"false\">Kimya De\u011fil Biyoloji<\/div>\n\t\t\t\t\t\t\t<\/div>\n\t\t\t<div class=\"elementor-tabs-content-wrapper\" role=\"tablist\" aria-orientation=\"vertical\">\n\t\t\t\t\t\t\t\t\t<div class=\"elementor-tab-title elementor-tab-mobile-title\" aria-selected=\"true\" data-tab=\"1\" role=\"tab\" tabindex=\"0\" aria-controls=\"elementor-tab-content-5941\" aria-expanded=\"false\">Biyomimikri ve M\u00fchendislik<\/div>\n\t\t\t\t\t<div id=\"elementor-tab-content-5941\" class=\"elementor-tab-content elementor-clearfix\" data-tab=\"1\" role=\"tabpanel\" aria-labelledby=\"elementor-tab-title-5941\" tabindex=\"0\" hidden=\"false\"><p>Mimarlar, tasar\u0131mlar\u0131n\u0131 ortaya \u00e7\u0131kar\u0131rken kendilerine ilham verecek bir ba\u015flang\u0131\u00e7 noktas\u0131 ararlar. Yaratma s\u00fcrecinin bu ilk ad\u0131m\u0131 kendisini takip eden a\u015famalar\u0131 do\u011frudan etkiledi\u011finden, projeyi y\u00f6nlendiren tasar\u0131m kararlar\u0131n\u0131n belirlenmesi \u00f6nemli bir ad\u0131md\u0131r. Son y\u0131llarda biyoloji bilimi, mimarl\u0131k ve m\u00fchendislik alanlar\u0131nda esin kayna\u011f\u0131 olarak g\u00f6z \u00f6n\u00fcne al\u0131nmaya ba\u015flam\u0131\u015ft\u0131r.<\/p><p>\u00a0<\/p><p>\u00a0Mimari tasar\u0131m\u0131 y\u00f6nlendiren ve etimolojik olarak\u00a0<b>bios (ya\u015fam)<\/b>\u00a0ve\u00a0<b>mimesis (taklit etme)<\/b>\u00a0kelimelerinden t\u00fcreyen bir kavram olan biyomimesis, do\u011fan\u0131n zaman i\u00e7inde test etti\u011fi d\u00fczen ve stratejilerden esinlenen ve etkin \u00e7\u00f6z\u00fcmler bulmaya \u00e7al\u0131\u015fan bir yakla\u015f\u0131md\u0131r. Biyomimetik yakla\u015f\u0131mda; \u00fcr\u00fcnlerin, s\u00fcre\u00e7lerin ve ilkelerin, ya\u015fama uzun d\u00f6nemde iyi adapte olacak \u015fekilde ortaya konmas\u0131 ama\u00e7lanmaktad\u0131r. Buradaki ana d\u00fc\u015f\u00fcnce, insanl\u0131\u011f\u0131n g\u00fcn\u00fcm\u00fczde m\u00fccadele etti\u011fi \u00e7o\u011fu problemi do\u011fan\u0131n halihaz\u0131rda \u00e7\u00f6zm\u00fc\u015f oldu\u011fu ger\u00e7e\u011fidir.<\/p><p>\u00a0Milyonlarca y\u0131l boyunca geli\u015fimini s\u00fcrd\u00fcren bitki, hayvan ve b\u00f6cek gibi organizmalar, do\u011fan\u0131n \u00e7etin ko\u015fullar\u0131nda hayatta kalabilme yollar\u0131n\u0131n ve enerji verimlili\u011finin s\u0131rlar\u0131n\u0131 bar\u0131nd\u0131rmaktad\u0131r. Mimar ve m\u00fchendislerin, \u00e7evrelerini saran bu engin d\u00fcnyadaki bilgi birikiminden yararlanmas\u0131 gerekmektedir. 15. yy\u2019da do\u011fay\u0131 g\u00f6zlemleyerek u\u00e7u\u015f makinesi \u00fczerine eskizler yapm\u0131\u015f olan Leonardo da Vinci, tarihteki \u00f6nc\u00fc biyomimetik tasar\u0131mc\u0131lardan biri olarak an\u0131lmal\u0131d\u0131r.<\/p><p>\u00a0Yap\u0131 sekt\u00f6r\u00fcnde enerjinin \u00e7ok de\u011ferli oldu\u011fu ve elde etmek i\u00e7in a\u011f\u0131rl\u0131kl\u0131 olarak hala fosil temelli kaynaklar\u0131n kullan\u0131ld\u0131\u011f\u0131 g\u00fcn\u00fcm\u00fczde, enerjiyi en verimli \u015fekilde kullanan biyolojik varl\u0131klardan \u00f6\u011frenilecek \u00e7ok \u015fey vard\u0131r.\u00a0<b>Biyomimesis<\/b>\u00a0ya da\u00a0<b>biyomimikri<\/b>\u00a0olarak adland\u0131r\u0131lan yakla\u015f\u0131m, do\u011fada milyonlarca y\u0131ll\u0131k bir s\u00fcre\u00e7 i\u00e7inde geli\u015ferek en iyi hale gelmi\u015f olan bitki, hayvan ve b\u00f6cek gibi organizmalar\u0131n incelenerek bu ara\u015ft\u0131rmalar sonucu elde edilen bilgilerin mimarl\u0131k ve m\u00fchendislik alanlar\u0131na uyarlanmas\u0131 i\u00e7in y\u00fcr\u00fct\u00fclen bilimsel \u00e7al\u0131\u015fmalar\u0131 kapsamaktad\u0131r.\u00a0<\/p><p>Biyomimikri kavram\u0131n\u0131 bilim d\u00fcnyas\u0131na kazand\u0131ran Benyus , bu alandaki bilimsel \u00e7al\u0131\u015fmalar\u0131n \u00f6nc\u00fcs\u00fc olarak kabul edilmektedir. Pedersen Zari, biyomimetik teknolojileri; organizma, davran\u0131\u015f ve ekosistem d\u00fczeylerinde s\u0131n\u0131fland\u0131rm\u0131\u015ft\u0131r. Mazzoleni, do\u011fadaki organizmalar\u0131n ortam ko\u015fullar\u0131na adaptasyon \u00f6zelliklerini; \u0131s\u0131l adaptasyon, su dengesi, korunma ve ileti\u015fim olarak d\u00f6rt ba\u015fl\u0131k alt\u0131nda grupland\u0131rm\u0131\u015f, do\u011fadaki canl\u0131lar\u0131n ortama uyum sa\u011flamak \u00fczere geli\u015ftirmi\u015f olduklar\u0131 kendilerine \u00f6zg\u00fc \u00f6zelliklerini analiz ederek mimarl\u0131k alan\u0131ndaki uygulamalar ile ili\u015fki kurmaya \u00e7al\u0131\u015fm\u0131\u015ft\u0131r.<\/p><\/div>\n\t\t\t\t\t\t\t\t\t<div class=\"elementor-tab-title elementor-tab-mobile-title\" aria-selected=\"false\" data-tab=\"2\" role=\"tab\" tabindex=\"-1\" aria-controls=\"elementor-tab-content-5942\" aria-expanded=\"false\">Kimya De\u011fil Biyoloji<\/div>\n\t\t\t\t\t<div id=\"elementor-tab-content-5942\" class=\"elementor-tab-content elementor-clearfix\" data-tab=\"2\" role=\"tabpanel\" aria-labelledby=\"elementor-tab-title-5942\" tabindex=\"0\" hidden=\"hidden\"><p>Evrenin varolu\u015fu, temel bilimlerin do\u011fu\u015funu sa\u011flad\u0131. Bilim; do\u011fay\u0131 \u00f6l\u00e7\u00fcp tart\u0131p deneyerek anlama y\u00f6nteminin ad\u0131d\u0131r.<\/p><p>S\u00fcre\u00e7 Fizikle ba\u015flar. \u0130kinci nesil y\u0131ld\u0131zlar\u0131n olu\u015fumuyla Kimya d\u00f6nemine girilmi\u015ftir. \u0130\u00e7inde oldu\u011fumuz g\u00fcne\u015f sisteminde ise 3,8 milyar y\u0131l \u00f6nce Biyoloji do\u011fdu. \u0130\u00e7inde olmaktan mutlu oldu\u011fumuz D\u00fcnya maalesef 300 y\u0131l \u00f6nce yanl\u0131\u015f end\u00fcstrile\u015fme ba\u015flatt\u0131.\u00a0<b>K\u0130MYAYI \u00d6NE \u00c7IKARTMAK C\u0130NAYETT\u0130.<\/b>\u00a0Bug\u00fcn ne kadar yanl\u0131\u015f\u00a0 geli\u015fim takip etti\u011fimizi g\u00f6r\u00fcyor ve \u00fcz\u00fcl\u00fcyoruz.<\/p><p>Tam bu \u00e7\u0131kmaza 1997 y\u0131l\u0131nda\u00a0<strong>Janine Benyus<\/strong>\u00a0kar\u015f\u0131 \u00e7\u0131kt\u0131. Hayat\u0131n ortas\u0131ndan cennetten (biyolojiden) kendimizi kovduran b\u00fcy\u00fck g\u00fcnah\u0131 (kimyay\u0131) i\u015fleyerek sonumuzu haz\u0131rlad\u0131k. Bu anlama gelen \u201c<strong>Biomimicry<\/strong>\u201d adl\u0131 kitab\u0131 yay\u0131nlad\u0131. Sonras\u0131nda Montana\u2019da enstit\u00fc kuruldu. \u015eimdi s\u00fcrd\u00fcr\u00fclebilir d\u00fcnyay\u0131 hedefleyen dersler veriyorlar.<\/p><p>Biz T\u00fcrkiye bayra\u011f\u0131n\u0131 2022 y\u0131l\u0131nda ald\u0131\u011f\u0131m\u0131z bu misyonu sizlerle bulu\u015fturma arzusuyla \u00e7al\u0131\u015f\u0131yoruz.<\/p><\/div>\n\t\t\t\t\t\t\t<\/div>\n\t\t<\/div>\n\t\t\t\t<\/div>\n\t\t\t\t<\/div>\n\t\t\t\t\t<\/div>\n\t\t<\/div>\n\t\t\t\t\t\t\t<\/div>\n\t\t<\/section>\n\t\t\t\t\t\t\t<\/div>\n\t\t","protected":false},"excerpt":{"rendered":"<p>Biyomimikri ve M\u00fchendislik Kimya De\u011fil Biyoloji Biyomimikri ve M\u00fchendislik Mimarlar, tasar\u0131mlar\u0131n\u0131 ortaya \u00e7\u0131kar\u0131rken kendilerine ilham verecek bir ba\u015flang\u0131\u00e7 noktas\u0131 ararlar. Yaratma s\u00fcrecinin bu ilk ad\u0131m\u0131 kendisini takip eden a\u015famalar\u0131 do\u011frudan etkiledi\u011finden, projeyi y\u00f6nlendiren tasar\u0131m kararlar\u0131n\u0131n belirlenmesi \u00f6nemli bir ad\u0131md\u0131r. Son y\u0131llarda biyoloji bilimi, mimarl\u0131k ve m\u00fchendislik alanlar\u0131nda esin kayna\u011f\u0131 olarak g\u00f6z \u00f6n\u00fcne al\u0131nmaya ba\u015flam\u0131\u015ft\u0131r. \u00a0 [&hellip;]<\/p>\n","protected":false},"author":1,"featured_media":0,"parent":0,"menu_order":0,"comment_status":"closed","ping_status":"closed","template":"template-homepage.php","meta":[],"_links":{"self":[{"href":"https:\/\/biotr.org\/index.php\/wp-json\/wp\/v2\/pages\/5309"}],"collection":[{"href":"https:\/\/biotr.org\/index.php\/wp-json\/wp\/v2\/pages"}],"about":[{"href":"https:\/\/biotr.org\/index.php\/wp-json\/wp\/v2\/types\/page"}],"author":[{"embeddable":true,"href":"https:\/\/biotr.org\/index.php\/wp-json\/wp\/v2\/users\/1"}],"replies":[{"embeddable":true,"href":"https:\/\/biotr.org\/index.php\/wp-json\/wp\/v2\/comments?post=5309"}],"version-history":[{"count":7,"href":"https:\/\/biotr.org\/index.php\/wp-json\/wp\/v2\/pages\/5309\/revisions"}],"predecessor-version":[{"id":5824,"href":"https:\/\/biotr.org\/index.php\/wp-json\/wp\/v2\/pages\/5309\/revisions\/5824"}],"wp:attachment":[{"href":"https:\/\/biotr.org\/index.php\/wp-json\/wp\/v2\/media?parent=5309"}],"curies":[{"name":"wp","href":"https:\/\/api.w.org\/{rel}","templated":true}]}}