{"id":5299,"date":"2023-11-14T22:50:45","date_gmt":"2023-11-14T22:50:45","guid":{"rendered":"https:\/\/biotr.org\/?page_id=5299"},"modified":"2023-12-01T12:34:00","modified_gmt":"2023-12-01T12:34:00","slug":"gelecek-okuryazarligi","status":"publish","type":"page","link":"https:\/\/biotr.org\/index.php\/gelecek-okuryazarligi\/","title":{"rendered":"Gelecek Okuryazarl\u0131\u011f\u0131"},"content":{"rendered":"\t\t<div data-elementor-type=\"wp-page\" data-elementor-id=\"5299\" class=\"elementor elementor-5299\">\n\t\t\t\t\t\t\t\t\t<section class=\"elementor-section elementor-top-section elementor-element elementor-element-c8ce34b elementor-section-boxed elementor-section-height-default elementor-section-height-default\" data-id=\"c8ce34b\" data-element_type=\"section\">\n\t\t\t\t\t\t<div class=\"elementor-container elementor-column-gap-default\">\n\t\t\t\t\t<div class=\"elementor-column elementor-col-100 elementor-top-column elementor-element elementor-element-752b525\" data-id=\"752b525\" data-element_type=\"column\">\n\t\t\t<div class=\"elementor-widget-wrap elementor-element-populated\">\n\t\t\t\t\t\t\t\t<div class=\"elementor-element elementor-element-2617d56 elementor-widget elementor-widget-heading\" data-id=\"2617d56\" data-element_type=\"widget\" data-widget_type=\"heading.default\">\n\t\t\t\t<div class=\"elementor-widget-container\">\n\t\t\t<style>\/*! elementor - v3.17.0 - 08-11-2023 *\/\n.elementor-heading-title{padding:0;margin:0;line-height:1}.elementor-widget-heading .elementor-heading-title[class*=elementor-size-]>a{color:inherit;font-size:inherit;line-height:inherit}.elementor-widget-heading .elementor-heading-title.elementor-size-small{font-size:15px}.elementor-widget-heading .elementor-heading-title.elementor-size-medium{font-size:19px}.elementor-widget-heading .elementor-heading-title.elementor-size-large{font-size:29px}.elementor-widget-heading .elementor-heading-title.elementor-size-xl{font-size:39px}.elementor-widget-heading .elementor-heading-title.elementor-size-xxl{font-size:59px}<\/style><h2 class=\"elementor-heading-title elementor-size-default\"><br><br>Gelecek Okuryazarl\u0131\u011f\u0131<br><br><br><\/h2>\t\t<\/div>\n\t\t\t\t<\/div>\n\t\t\t\t\t<\/div>\n\t\t<\/div>\n\t\t\t\t\t\t\t<\/div>\n\t\t<\/section>\n\t\t\t\t<section class=\"elementor-section elementor-top-section elementor-element elementor-element-2b2fced elementor-section-boxed elementor-section-height-default elementor-section-height-default\" data-id=\"2b2fced\" data-element_type=\"section\">\n\t\t\t\t\t\t<div class=\"elementor-container elementor-column-gap-default\">\n\t\t\t\t\t<div class=\"elementor-column elementor-col-100 elementor-top-column elementor-element elementor-element-4b6209a\" data-id=\"4b6209a\" data-element_type=\"column\">\n\t\t\t<div class=\"elementor-widget-wrap elementor-element-populated\">\n\t\t\t\t\t\t\t\t<div class=\"elementor-element elementor-element-539cb62 elementor-widget elementor-widget-creote-blog-post-v1\" data-id=\"539cb62\" data-element_type=\"widget\" data-widget_type=\"creote-blog-post-v1.default\">\n\t\t\t\t<div class=\"elementor-widget-container\">\n\t\t\t<section class=\"blog_post_section  elemen_wp   one_column news_wrapper_grid style_two \">\n   <div class=\"grid_show_case grid_layout clearfix\">\n      <!-- swiper-slide -->\n                              <div class=\"grid_box _card\">\n         <div class=\"news_box default_style   list_view   has_images\" id=\"post-8518\">\n                        <div class=\"image img_hover-1\">\n               <img width=\"1047\" height=\"435\" src=\"https:\/\/biotr.org\/wp-content\/uploads\/2026\/01\/Screenshot-2026-01-19-182142.png\" class=\"attachment-post-thumbnail size-post-thumbnail wp-post-image\" alt=\"\" decoding=\"async\" loading=\"lazy\" srcset=\"https:\/\/biotr.org\/wp-content\/uploads\/2026\/01\/Screenshot-2026-01-19-182142.png 1047w, https:\/\/biotr.org\/wp-content\/uploads\/2026\/01\/Screenshot-2026-01-19-182142-300x125.png 300w, https:\/\/biotr.org\/wp-content\/uploads\/2026\/01\/Screenshot-2026-01-19-182142-1024x425.png 1024w, https:\/\/biotr.org\/wp-content\/uploads\/2026\/01\/Screenshot-2026-01-19-182142-768x319.png 768w\" sizes=\"(max-width: 1047px) 100vw, 1047px\" \/>               <a href=\"https:\/\/biotr.org\/index.php\/category\/gelecek-okuryazarligi\/\" class=\"categories\"><i class=\"icon-folder\"><\/i>Gelecek Okuryazarl\u0131\u011f\u0131<\/a>            <\/div>\n                \n            <div class=\"content_box\">\n               <div class=\"date\">\n                  <span class=\"date_in_number\">19 Ocak 2026<\/span>\n               <\/div>\n               <div class=\"source\">\n                  <h2 class=\"title\"><a href=\"https:\/\/biotr.org\/index.php\/2026\/01\/19\/radyant-tavan-panelleri-gelecegin-iklimlendirme-sistemi-olabilir-mi\/\" rel=\"bookmark\">Radyant Tavan Panelleri Gelece\u011fin \u0130klimlendirme Sistemi Olabilir Mi?<\/a><\/h2>                                    <p class=\"short_desc\">Radyant Tavan Panelleri&hellip;<\/p>\n                                    <a href=\"https:\/\/biotr.org\/index.php\/2026\/01\/19\/radyant-tavan-panelleri-gelecegin-iklimlendirme-sistemi-olabilir-mi\/\" class=\"link__go\">Devam\u0131n\u0131 Oku<\/a>\n               <\/div>\n               <div class=\"auhtour_box\">\n                  <img alt='' src='https:\/\/secure.gravatar.com\/avatar\/0e6d9c81daad52a444aaac8da7d8f1bd?s=60&#038;d=mm&#038;r=g' srcset='https:\/\/secure.gravatar.com\/avatar\/0e6d9c81daad52a444aaac8da7d8f1bd?s=120&#038;d=mm&#038;r=g 2x' class='avatar avatar-60 photo' height='60' width='60' loading='lazy' decoding='async'\/>                  <div class=\"contnet_a\">\n                     <p>POSTED BY<\/p>\n                     <h4>\n                        B\u00fc\u015fra Alt\u0131nsoy                     <\/h4>\n                  <\/div>\n               <\/div>\n            <\/div>\n         <\/div>\n      <\/div>\n                              <div class=\"grid_box _card\">\n         <div class=\"news_box default_style   list_view   has_images\" id=\"post-8487\">\n                        <div class=\"image img_hover-1\">\n               <img width=\"753\" height=\"1000\" src=\"https:\/\/biotr.org\/wp-content\/uploads\/2026\/01\/2150842772.jpg\" class=\"attachment-post-thumbnail size-post-thumbnail wp-post-image\" alt=\"\" decoding=\"async\" loading=\"lazy\" srcset=\"https:\/\/biotr.org\/wp-content\/uploads\/2026\/01\/2150842772.jpg 753w, https:\/\/biotr.org\/wp-content\/uploads\/2026\/01\/2150842772-226x300.jpg 226w\" sizes=\"(max-width: 753px) 100vw, 753px\" \/>               <a href=\"https:\/\/biotr.org\/index.php\/category\/biyomimikri\/\" class=\"categories\"><i class=\"icon-folder\"><\/i>Biyomimikri<\/a>            <\/div>\n                \n            <div class=\"content_box\">\n               <div class=\"date\">\n                  <span class=\"date_in_number\">9 Ocak 2026<\/span>\n               <\/div>\n               <div class=\"source\">\n                  <h2 class=\"title\"><a href=\"https:\/\/biotr.org\/index.php\/2026\/01\/09\/binalarin-canli-oldugu-bir-gelecek-mumkun-mu\/\" rel=\"bookmark\">Binalar\u0131n Canl\u0131 Oldu\u011fu Bir Gelecek M\u00fcmk\u00fcn M\u00fc?<\/a><\/h2>                                    <p class=\"short_desc\">Binalar\u0131n Canl\u0131 Oldu\u011fu&hellip;<\/p>\n                                    <a href=\"https:\/\/biotr.org\/index.php\/2026\/01\/09\/binalarin-canli-oldugu-bir-gelecek-mumkun-mu\/\" class=\"link__go\">Devam\u0131n\u0131 Oku<\/a>\n               <\/div>\n               <div class=\"auhtour_box\">\n                  <img alt='' src='https:\/\/secure.gravatar.com\/avatar\/0e6d9c81daad52a444aaac8da7d8f1bd?s=60&#038;d=mm&#038;r=g' srcset='https:\/\/secure.gravatar.com\/avatar\/0e6d9c81daad52a444aaac8da7d8f1bd?s=120&#038;d=mm&#038;r=g 2x' class='avatar avatar-60 photo' height='60' width='60' loading='lazy' decoding='async'\/>                  <div class=\"contnet_a\">\n                     <p>POSTED BY<\/p>\n                     <h4>\n                        B\u00fc\u015fra Alt\u0131nsoy                     <\/h4>\n                  <\/div>\n               <\/div>\n            <\/div>\n         <\/div>\n      <\/div>\n                              <div class=\"grid_box _card\">\n         <div class=\"news_box default_style   list_view   has_images\" id=\"post-8345\">\n                        <div class=\"image img_hover-1\">\n               <img width=\"1500\" height=\"1500\" src=\"https:\/\/biotr.org\/wp-content\/uploads\/2025\/10\/2150998720.jpg\" class=\"attachment-post-thumbnail size-post-thumbnail wp-post-image\" alt=\"\" decoding=\"async\" loading=\"lazy\" srcset=\"https:\/\/biotr.org\/wp-content\/uploads\/2025\/10\/2150998720.jpg 1500w, https:\/\/biotr.org\/wp-content\/uploads\/2025\/10\/2150998720-300x300.jpg 300w, https:\/\/biotr.org\/wp-content\/uploads\/2025\/10\/2150998720-1024x1024.jpg 1024w, https:\/\/biotr.org\/wp-content\/uploads\/2025\/10\/2150998720-150x150.jpg 150w, https:\/\/biotr.org\/wp-content\/uploads\/2025\/10\/2150998720-768x768.jpg 768w\" sizes=\"(max-width: 1500px) 100vw, 1500px\" \/>               <a href=\"https:\/\/biotr.org\/index.php\/category\/gelecek-okuryazarligi\/\" class=\"categories\"><i class=\"icon-folder\"><\/i>Gelecek Okuryazarl\u0131\u011f\u0131<\/a>            <\/div>\n                \n            <div class=\"content_box\">\n               <div class=\"date\">\n                  <span class=\"date_in_number\">3 Kas\u0131m 2025<\/span>\n               <\/div>\n               <div class=\"source\">\n                  <h2 class=\"title\"><a href=\"https:\/\/biotr.org\/index.php\/2025\/11\/03\/gelecegi-gormek-degil-kurmak-tasarim-odakli-futurizm\/\" rel=\"bookmark\">Gelece\u011fi G\u00f6rmek De\u011fil, Kurmak: Tasar\u0131m Odakl\u0131 F\u00fct\u00fcrizm<\/a><\/h2>                                    <p class=\"short_desc\">Gelece\u011fi G\u00f6rmek De\u011fil,&hellip;<\/p>\n                                    <a href=\"https:\/\/biotr.org\/index.php\/2025\/11\/03\/gelecegi-gormek-degil-kurmak-tasarim-odakli-futurizm\/\" class=\"link__go\">Devam\u0131n\u0131 Oku<\/a>\n               <\/div>\n               <div class=\"auhtour_box\">\n                  <img alt='' src='https:\/\/secure.gravatar.com\/avatar\/0e6d9c81daad52a444aaac8da7d8f1bd?s=60&#038;d=mm&#038;r=g' srcset='https:\/\/secure.gravatar.com\/avatar\/0e6d9c81daad52a444aaac8da7d8f1bd?s=120&#038;d=mm&#038;r=g 2x' class='avatar avatar-60 photo' height='60' width='60' loading='lazy' decoding='async'\/>                  <div class=\"contnet_a\">\n                     <p>POSTED BY<\/p>\n                     <h4>\n                        B\u00fc\u015fra Alt\u0131nsoy                     <\/h4>\n                  <\/div>\n               <\/div>\n            <\/div>\n         <\/div>\n      <\/div>\n                     <\/div>\n      <div class=\"row\">\n      <div class=\"col-lg-12\">\n         <div class=\"pagination\">\n            <ul class='page-numbers'>\n\t<li><span aria-current=\"page\" class=\"page-numbers current\">1<\/span><\/li>\n\t<li><a class=\"page-numbers\" href=\"https:\/\/biotr.org\/index.php\/wp-json\/wp\/v2\/pages\/5299\/page\/2\/\">2<\/a><\/li>\n\t<li><a class=\"page-numbers\" href=\"https:\/\/biotr.org\/index.php\/wp-json\/wp\/v2\/pages\/5299\/page\/3\/\">3<\/a><\/li>\n\t<li><span class=\"page-numbers dots\">&hellip;<\/span><\/li>\n\t<li><a class=\"page-numbers\" href=\"https:\/\/biotr.org\/index.php\/wp-json\/wp\/v2\/pages\/5299\/page\/9\/\">9<\/a><\/li>\n\t<li><a class=\"next page-numbers\" href=\"https:\/\/biotr.org\/index.php\/wp-json\/wp\/v2\/pages\/5299\/page\/2\/\"><i class=\"fa fa-angle-right\"><\/i><\/a><\/li>\n<\/ul>\n          \n         <\/div>\n      <\/div>\n   <\/div>\n     \n<\/section>\n\t\t<\/div>\n\t\t\t\t<\/div>\n\t\t\t\t\t<\/div>\n\t\t<\/div>\n\t\t\t\t\t\t\t<\/div>\n\t\t<\/section>\n\t\t\t\t\t\t\t<\/div>\n\t\t","protected":false},"excerpt":{"rendered":"<p>Gelecek Okuryazarl\u0131\u011f\u0131 Gelecek Okuryazarl\u0131\u011f\u0131 30 Kas\u0131m 2023 F\u00fct\u00fcristik Elektrikli Araba Shane ile Tan\u0131\u015f\u0131n F\u00fct\u00fcristik Elektrikli Araba&hellip; Devam\u0131n\u0131 Oku POSTED BY S\u00fcleyman Bayramo\u011flu Gelecek Okuryazarl\u0131\u011f\u0131 20 Haziran 2023 Merkeziyetsiz Otonom Organizasyonlar ve Dijital G\u00f6\u00e7ebelik Merkeziyetsiz Otonom Organizasyonlar&hellip; Devam\u0131n\u0131 Oku POSTED BY S\u00fcleyman Bayramo\u011flu<\/p>\n","protected":false},"author":1,"featured_media":0,"parent":0,"menu_order":0,"comment_status":"closed","ping_status":"closed","template":"elementor_header_footer","meta":[],"_links":{"self":[{"href":"https:\/\/biotr.org\/index.php\/wp-json\/wp\/v2\/pages\/5299"}],"collection":[{"href":"https:\/\/biotr.org\/index.php\/wp-json\/wp\/v2\/pages"}],"about":[{"href":"https:\/\/biotr.org\/index.php\/wp-json\/wp\/v2\/types\/page"}],"author":[{"embeddable":true,"href":"https:\/\/biotr.org\/index.php\/wp-json\/wp\/v2\/users\/1"}],"replies":[{"embeddable":true,"href":"https:\/\/biotr.org\/index.php\/wp-json\/wp\/v2\/comments?post=5299"}],"version-history":[{"count":5,"href":"https:\/\/biotr.org\/index.php\/wp-json\/wp\/v2\/pages\/5299\/revisions"}],"predecessor-version":[{"id":6359,"href":"https:\/\/biotr.org\/index.php\/wp-json\/wp\/v2\/pages\/5299\/revisions\/6359"}],"wp:attachment":[{"href":"https:\/\/biotr.org\/index.php\/wp-json\/wp\/v2\/media?parent=5299"}],"curies":[{"name":"wp","href":"https:\/\/api.w.org\/{rel}","templated":true}]}}