{"id":5272,"date":"2023-11-14T22:43:27","date_gmt":"2023-11-14T22:43:27","guid":{"rendered":"https:\/\/biotr.org\/?page_id=5272"},"modified":"2023-11-19T19:05:00","modified_gmt":"2023-11-19T19:05:00","slug":"nasil-yapiyoruz","status":"publish","type":"page","link":"https:\/\/biotr.org\/index.php\/4n1k\/nasil-yapiyoruz\/","title":{"rendered":"Nas\u0131l Yap\u0131yoruz?"},"content":{"rendered":"\t\t<div data-elementor-type=\"wp-page\" data-elementor-id=\"5272\" class=\"elementor elementor-5272\">\n\t\t\t\t\t\t\t\t\t<section class=\"elementor-section elementor-top-section elementor-element elementor-element-e370cf3 elementor-section-boxed elementor-section-height-default elementor-section-height-default\" data-id=\"e370cf3\" data-element_type=\"section\">\n\t\t\t\t\t\t<div class=\"elementor-container elementor-column-gap-default\">\n\t\t\t\t\t<div class=\"elementor-column elementor-col-100 elementor-top-column elementor-element elementor-element-ed077c5\" data-id=\"ed077c5\" data-element_type=\"column\">\n\t\t\t<div class=\"elementor-widget-wrap elementor-element-populated\">\n\t\t\t\t\t\t\t\t<div class=\"elementor-element elementor-element-686990b elementor-widget elementor-widget-spacer\" data-id=\"686990b\" data-element_type=\"widget\" data-widget_type=\"spacer.default\">\n\t\t\t\t<div class=\"elementor-widget-container\">\n\t\t\t<style>\/*! elementor - v3.17.0 - 08-11-2023 *\/\n.elementor-column .elementor-spacer-inner{height:var(--spacer-size)}.e-con{--container-widget-width:100%}.e-con-inner>.elementor-widget-spacer,.e-con>.elementor-widget-spacer{width:var(--container-widget-width,var(--spacer-size));--align-self:var(--container-widget-align-self,initial);--flex-shrink:0}.e-con-inner>.elementor-widget-spacer>.elementor-widget-container,.e-con>.elementor-widget-spacer>.elementor-widget-container{height:100%;width:100%}.e-con-inner>.elementor-widget-spacer>.elementor-widget-container>.elementor-spacer,.e-con>.elementor-widget-spacer>.elementor-widget-container>.elementor-spacer{height:100%}.e-con-inner>.elementor-widget-spacer>.elementor-widget-container>.elementor-spacer>.elementor-spacer-inner,.e-con>.elementor-widget-spacer>.elementor-widget-container>.elementor-spacer>.elementor-spacer-inner{height:var(--container-widget-height,var(--spacer-size))}.e-con-inner>.elementor-widget-spacer.elementor-widget-empty,.e-con>.elementor-widget-spacer.elementor-widget-empty{position:relative;min-height:22px;min-width:22px}.e-con-inner>.elementor-widget-spacer.elementor-widget-empty .elementor-widget-empty-icon,.e-con>.elementor-widget-spacer.elementor-widget-empty .elementor-widget-empty-icon{position:absolute;top:0;bottom:0;left:0;right:0;margin:auto;padding:0;width:22px;height:22px}<\/style>\t\t<div class=\"elementor-spacer\">\n\t\t\t<div class=\"elementor-spacer-inner\"><\/div>\n\t\t<\/div>\n\t\t\t\t<\/div>\n\t\t\t\t<\/div>\n\t\t\t\t\t<\/div>\n\t\t<\/div>\n\t\t\t\t\t\t\t<\/div>\n\t\t<\/section>\n\t\t\t\t<section class=\"elementor-section elementor-top-section elementor-element elementor-element-c5acf25 elementor-section-boxed elementor-section-height-default elementor-section-height-default\" data-id=\"c5acf25\" data-element_type=\"section\">\n\t\t\t\t\t\t<div class=\"elementor-container elementor-column-gap-default\">\n\t\t\t\t\t<div class=\"elementor-column elementor-col-100 elementor-top-column elementor-element elementor-element-5f99c33\" data-id=\"5f99c33\" data-element_type=\"column\">\n\t\t\t<div class=\"elementor-widget-wrap elementor-element-populated\">\n\t\t\t\t\t\t\t\t<div class=\"elementor-element elementor-element-7707283 elementor-widget elementor-widget-image\" data-id=\"7707283\" data-element_type=\"widget\" data-widget_type=\"image.default\">\n\t\t\t\t<div class=\"elementor-widget-container\">\n\t\t\t<style>\/*! elementor - v3.17.0 - 08-11-2023 *\/\n.elementor-widget-image{text-align:center}.elementor-widget-image a{display:inline-block}.elementor-widget-image a img[src$=\".svg\"]{width:48px}.elementor-widget-image img{vertical-align:middle;display:inline-block}<\/style>\t\t\t\t\t\t\t\t\t\t\t\t<img decoding=\"async\" width=\"1024\" height=\"682\" src=\"https:\/\/biotr.org\/wp-content\/uploads\/2023\/11\/businessperson-s-hand-holding-light-bulb-icon-1024x682.jpg\" class=\"attachment-large size-large wp-image-5571\" alt=\"\" loading=\"lazy\" srcset=\"https:\/\/biotr.org\/wp-content\/uploads\/2023\/11\/businessperson-s-hand-holding-light-bulb-icon-1024x682.jpg 1024w, https:\/\/biotr.org\/wp-content\/uploads\/2023\/11\/businessperson-s-hand-holding-light-bulb-icon-300x200.jpg 300w, https:\/\/biotr.org\/wp-content\/uploads\/2023\/11\/businessperson-s-hand-holding-light-bulb-icon-768x512.jpg 768w, https:\/\/biotr.org\/wp-content\/uploads\/2023\/11\/businessperson-s-hand-holding-light-bulb-icon-1536x1024.jpg 1536w, https:\/\/biotr.org\/wp-content\/uploads\/2023\/11\/businessperson-s-hand-holding-light-bulb-icon.jpg 2000w\" sizes=\"(max-width: 1024px) 100vw, 1024px\" \/>\t\t\t\t\t\t\t\t\t\t\t\t\t\t\t<\/div>\n\t\t\t\t<\/div>\n\t\t\t\t\t<\/div>\n\t\t<\/div>\n\t\t\t\t\t\t\t<\/div>\n\t\t<\/section>\n\t\t\t\t<section class=\"elementor-section elementor-top-section elementor-element elementor-element-9091cf2 elementor-section-boxed elementor-section-height-default elementor-section-height-default\" data-id=\"9091cf2\" data-element_type=\"section\">\n\t\t\t\t\t\t<div class=\"elementor-container elementor-column-gap-default\">\n\t\t\t\t\t<div class=\"elementor-column elementor-col-100 elementor-top-column elementor-element elementor-element-d8a23fb\" data-id=\"d8a23fb\" data-element_type=\"column\">\n\t\t\t<div class=\"elementor-widget-wrap elementor-element-populated\">\n\t\t\t\t\t\t\t\t<div class=\"elementor-element elementor-element-038fb78 elementor-widget elementor-widget-spacer\" data-id=\"038fb78\" data-element_type=\"widget\" data-widget_type=\"spacer.default\">\n\t\t\t\t<div class=\"elementor-widget-container\">\n\t\t\t\t\t<div class=\"elementor-spacer\">\n\t\t\t<div class=\"elementor-spacer-inner\"><\/div>\n\t\t<\/div>\n\t\t\t\t<\/div>\n\t\t\t\t<\/div>\n\t\t\t\t\t<\/div>\n\t\t<\/div>\n\t\t\t\t\t\t\t<\/div>\n\t\t<\/section>\n\t\t\t\t<section class=\"elementor-section elementor-top-section elementor-element elementor-element-857470c elementor-section-boxed elementor-section-height-default elementor-section-height-default\" data-id=\"857470c\" data-element_type=\"section\">\n\t\t\t\t\t\t<div class=\"elementor-container elementor-column-gap-default\">\n\t\t\t\t\t<div class=\"elementor-column elementor-col-100 elementor-top-column elementor-element elementor-element-ad1e650\" data-id=\"ad1e650\" data-element_type=\"column\">\n\t\t\t<div class=\"elementor-widget-wrap elementor-element-populated\">\n\t\t\t\t\t\t\t\t<div class=\"elementor-element elementor-element-4b684f0 elementor-widget elementor-widget-creote-news-v1-new\" data-id=\"4b684f0\" data-element_type=\"widget\" data-widget_type=\"creote-news-v1-new.default\">\n\t\t\t\t<div class=\"elementor-widget-container\">\n\t\t\t\n\n<section class=\"blog_all_styles grid \">\n\n\n    <div class=\"row\">\n                          \n        <div class=\"col-xl-4 col-md-6 col-sm-6  col-xs-12\">\n            <div id=\"post-8538\" class=\"post-8538 post type-post status-publish format-standard has-post-thumbnail hentry category-biyomimikri category-girisimcilik tag-surdurulebilirlik tag-bioendustri tag-bioiklim tag-bioklimatik-mimari tag-biomimicry tag-dogayi-taklit tag-ekoloji tag-ekoteknoloji tag-endustrilesme-cagi tag-gaudi tag-gunespaneli tag-heatpump tag-iklimlendirme tag-mimarlik tag-pasif-ev tag-pasif-iklimlendirme tag-science tag-teknoloji\">\n                                <div class=\"news_box type_one clearfix\">\n                    <div class=\"news_inner\">\n                                                <div class=\"image_box\">\n                            <img width=\"497\" height=\"383\" src=\"https:\/\/biotr.org\/wp-content\/uploads\/2026\/01\/Screenshot-2026-01-26-173842.png\" class=\"attachment-creote_object_fits size-creote_object_fits wp-post-image\" alt=\"\" decoding=\"async\" loading=\"lazy\" srcset=\"https:\/\/biotr.org\/wp-content\/uploads\/2026\/01\/Screenshot-2026-01-26-173842.png 497w, https:\/\/biotr.org\/wp-content\/uploads\/2026\/01\/Screenshot-2026-01-26-173842-300x231.png 300w\" sizes=\"(max-width: 497px) 100vw, 497px\" \/>                            <div class=\"overlay\"><\/div>\n                            <div class=\"post-category\">\n                                <a href=\"https:\/\/biotr.org\/index.php\/category\/biyomimikri\/\" class=\"categories\"><i class=\"icon-folder\"><\/i>Biyomimikri<\/a><\/div>\n                        <\/div>\n                                                <div class=\"content_box\">\n                                  <ul class=\"post-info clearfix\">\n          <li class=\"authour_name\"><i class=\"far fa-user\"><\/i><a href=\"\"> B\u00fc\u015fra Alt\u0131nsoy <\/a> <\/li>\n          <li class=\"date\">  <a href=\"https:\/\/biotr.org\/index.php\/2026\/01\/26\/plastik-cagini-sona-erdirecek-malzeme-sadece-5-gunde-yetisen-mantar-ambalajlar\/\" rel=\"bookmark\"><i class=\"far  fa-calendar\"><\/i>26 Oca , 2026 <\/a> <\/li> \n      <\/ul>\n                            <h2 class=\"entry-title\"><a href=\"https:\/\/biotr.org\/index.php\/2026\/01\/26\/plastik-cagini-sona-erdirecek-malzeme-sadece-5-gunde-yetisen-mantar-ambalajlar\/\">Plastik \u00c7a\u011f\u0131n\u0131 Sona Erdirecek Malzeme: Sadece 5 G\u00fcnde Yeti\u015fen Mantar Ambalajlar<\/a><\/h2>                                                            <p class=\"short_desc\">Plastik \u00c7a\u011f\u0131n\u0131 Sona&hellip;<\/p>\n                                                        <div class=\"bottom_content clearfix\">\n                                <div class=\"continure_reading\">\n                                                                        <a href=\"https:\/\/biotr.org\/index.php\/2026\/01\/26\/plastik-cagini-sona-erdirecek-malzeme-sadece-5-gunde-yetisen-mantar-ambalajlar\/\" class=\"read_more type_one\">\n                                        Read More <span\n                                            class=\"icon-arrow-right\"><\/span><\/a>\n                                                                    <\/div>\n                                <div class=\"comments\">\n  <i class=\"icon-text\"><\/i>\n  <a href=\"https:\/\/biotr.org\/index.php\/2026\/01\/26\/plastik-cagini-sona-erdirecek-malzeme-sadece-5-gunde-yetisen-mantar-ambalajlar\/#respond\" class=\"Comments are Closed\" >Post Comment<\/a>   \n  <\/div>\n                              <\/div>\n                        <\/div>\n                    <\/div>\n                <\/div>\n\n                 <\/div>\n        <\/div><!-- \/.col-lg-3 -->\n                  \n        <div class=\"col-xl-4 col-md-6 col-sm-6  col-xs-12\">\n            <div id=\"post-8518\" class=\"post-8518 post type-post status-publish format-standard has-post-thumbnail hentry category-gelecek-okuryazarligi category-iklimlendirme tag-surdurulebilirlik tag-bioendustri tag-bioiklim tag-bioklimatik-mimari tag-biomimicry tag-dogayi-taklit tag-ekoloji tag-ekoteknoloji tag-endustrilesme-cagi tag-gaudi tag-gunespaneli tag-heatpump tag-iklimlendirme tag-mimarlik tag-pasif-ev tag-pasif-iklimlendirme tag-science tag-teknoloji\">\n                                <div class=\"news_box type_one clearfix\">\n                    <div class=\"news_inner\">\n                                                <div class=\"image_box\">\n                            <img width=\"1047\" height=\"435\" src=\"https:\/\/biotr.org\/wp-content\/uploads\/2026\/01\/Screenshot-2026-01-19-182142.png\" class=\"attachment-creote_object_fits size-creote_object_fits wp-post-image\" alt=\"\" decoding=\"async\" loading=\"lazy\" srcset=\"https:\/\/biotr.org\/wp-content\/uploads\/2026\/01\/Screenshot-2026-01-19-182142.png 1047w, https:\/\/biotr.org\/wp-content\/uploads\/2026\/01\/Screenshot-2026-01-19-182142-300x125.png 300w, https:\/\/biotr.org\/wp-content\/uploads\/2026\/01\/Screenshot-2026-01-19-182142-1024x425.png 1024w, https:\/\/biotr.org\/wp-content\/uploads\/2026\/01\/Screenshot-2026-01-19-182142-768x319.png 768w\" sizes=\"(max-width: 1047px) 100vw, 1047px\" \/>                            <div class=\"overlay\"><\/div>\n                            <div class=\"post-category\">\n                                <a href=\"https:\/\/biotr.org\/index.php\/category\/gelecek-okuryazarligi\/\" class=\"categories\"><i class=\"icon-folder\"><\/i>Gelecek Okuryazarl\u0131\u011f\u0131<\/a><\/div>\n                        <\/div>\n                                                <div class=\"content_box\">\n                                  <ul class=\"post-info clearfix\">\n          <li class=\"authour_name\"><i class=\"far fa-user\"><\/i><a href=\"\"> B\u00fc\u015fra Alt\u0131nsoy <\/a> <\/li>\n          <li class=\"date\">  <a href=\"https:\/\/biotr.org\/index.php\/2026\/01\/19\/radyant-tavan-panelleri-gelecegin-iklimlendirme-sistemi-olabilir-mi\/\" rel=\"bookmark\"><i class=\"far  fa-calendar\"><\/i>19 Oca , 2026 <\/a> <\/li> \n      <\/ul>\n                            <h2 class=\"entry-title\"><a href=\"https:\/\/biotr.org\/index.php\/2026\/01\/19\/radyant-tavan-panelleri-gelecegin-iklimlendirme-sistemi-olabilir-mi\/\">Radyant Tavan Panelleri Gelece\u011fin \u0130klimlendirme Sistemi Olabilir Mi?<\/a><\/h2>                                                            <p class=\"short_desc\">Radyant Tavan Panelleri&hellip;<\/p>\n                                                        <div class=\"bottom_content clearfix\">\n                                <div class=\"continure_reading\">\n                                                                        <a href=\"https:\/\/biotr.org\/index.php\/2026\/01\/19\/radyant-tavan-panelleri-gelecegin-iklimlendirme-sistemi-olabilir-mi\/\" class=\"read_more type_one\">\n                                        Read More <span\n                                            class=\"icon-arrow-right\"><\/span><\/a>\n                                                                    <\/div>\n                                <div class=\"comments\">\n  <i class=\"icon-text\"><\/i>\n  <a href=\"https:\/\/biotr.org\/index.php\/2026\/01\/19\/radyant-tavan-panelleri-gelecegin-iklimlendirme-sistemi-olabilir-mi\/#respond\" class=\"Comments are Closed\" >Post Comment<\/a>   \n  <\/div>\n                              <\/div>\n                        <\/div>\n                    <\/div>\n                <\/div>\n\n                 <\/div>\n        <\/div><!-- \/.col-lg-3 -->\n                  \n        <div class=\"col-xl-4 col-md-6 col-sm-6  col-xs-12\">\n            <div id=\"post-8487\" class=\"post-8487 post type-post status-publish format-standard has-post-thumbnail hentry category-biyomimikri category-gelecek-okuryazarligi tag-surdurulebilirlik tag-bioendustri tag-bioiklim tag-bioklimatik-mimari tag-biomimicry tag-dogayi-taklit tag-ekoloji tag-ekoteknoloji tag-endustrilesme-cagi tag-gaudi tag-gunespaneli tag-heatpump tag-iklimlendirme tag-mimarlik tag-pasif-ev tag-pasif-iklimlendirme tag-science tag-teknoloji\">\n                                <div class=\"news_box type_one clearfix\">\n                    <div class=\"news_inner\">\n                                                <div class=\"image_box\">\n                            <img width=\"753\" height=\"1000\" src=\"https:\/\/biotr.org\/wp-content\/uploads\/2026\/01\/2150842772.jpg\" class=\"attachment-creote_object_fits size-creote_object_fits wp-post-image\" alt=\"\" decoding=\"async\" loading=\"lazy\" srcset=\"https:\/\/biotr.org\/wp-content\/uploads\/2026\/01\/2150842772.jpg 753w, https:\/\/biotr.org\/wp-content\/uploads\/2026\/01\/2150842772-226x300.jpg 226w\" sizes=\"(max-width: 753px) 100vw, 753px\" \/>                            <div class=\"overlay\"><\/div>\n                            <div class=\"post-category\">\n                                <a href=\"https:\/\/biotr.org\/index.php\/category\/biyomimikri\/\" class=\"categories\"><i class=\"icon-folder\"><\/i>Biyomimikri<\/a><\/div>\n                        <\/div>\n                                                <div class=\"content_box\">\n                                  <ul class=\"post-info clearfix\">\n          <li class=\"authour_name\"><i class=\"far fa-user\"><\/i><a href=\"\"> B\u00fc\u015fra Alt\u0131nsoy <\/a> <\/li>\n          <li class=\"date\">  <a href=\"https:\/\/biotr.org\/index.php\/2026\/01\/09\/binalarin-canli-oldugu-bir-gelecek-mumkun-mu\/\" rel=\"bookmark\"><i class=\"far  fa-calendar\"><\/i>9 Oca , 2026 <\/a> <\/li> \n      <\/ul>\n                            <h2 class=\"entry-title\"><a href=\"https:\/\/biotr.org\/index.php\/2026\/01\/09\/binalarin-canli-oldugu-bir-gelecek-mumkun-mu\/\">Binalar\u0131n Canl\u0131 Oldu\u011fu Bir Gelecek M\u00fcmk\u00fcn M\u00fc?<\/a><\/h2>                                                            <p class=\"short_desc\">Binalar\u0131n Canl\u0131 Oldu\u011fu&hellip;<\/p>\n                                                        <div class=\"bottom_content clearfix\">\n                                <div class=\"continure_reading\">\n                                                                        <a href=\"https:\/\/biotr.org\/index.php\/2026\/01\/09\/binalarin-canli-oldugu-bir-gelecek-mumkun-mu\/\" class=\"read_more type_one\">\n                                        Read More <span\n                                            class=\"icon-arrow-right\"><\/span><\/a>\n                                                                    <\/div>\n                                <div class=\"comments\">\n  <i class=\"icon-text\"><\/i>\n  <a href=\"https:\/\/biotr.org\/index.php\/2026\/01\/09\/binalarin-canli-oldugu-bir-gelecek-mumkun-mu\/#respond\" class=\"Comments are Closed\" >Post Comment<\/a>   \n  <\/div>\n                              <\/div>\n                        <\/div>\n                    <\/div>\n                <\/div>\n\n                 <\/div>\n        <\/div><!-- \/.col-lg-3 -->\n                                                <\/div>\n        \n              \n \n\n<\/section><!-- \/.blog-one -->\n\n\n\t\t<\/div>\n\t\t\t\t<\/div>\n\t\t\t\t\t<\/div>\n\t\t<\/div>\n\t\t\t\t\t\t\t<\/div>\n\t\t<\/section>\n\t\t\t\t\t\t\t<\/div>\n\t\t","protected":false},"excerpt":{"rendered":"<p>Biomimikri S\u00fcleyman Bayramo\u011flu 21 Haz , 2023 MANTAR MANTAR YET\u0130\u015eT\u0130RMEDE I\u015eIK&hellip; Read More Post Comment Biomimikri S\u00fcleyman Bayramo\u011flu 20 Haz , 2023 Enerji \u0130htiyac\u0131na Organik \u00c7\u00f6z\u00fcm: Biyoenerji nedir? Enerji talebimizi kar\u015f\u0131lamaya&hellip; Read More Post Comment Biomimikri S\u00fcleyman Bayramo\u011flu 20 Haz , 2023 Biyomimetik Tasar\u0131m Yakla\u015f\u0131m\u0131 ve Mimari Uygulamalar &nbsp; Mimarlar, tasar\u0131mlar\u0131n\u0131&hellip; Read More Post Comment<\/p>\n","protected":false},"author":1,"featured_media":0,"parent":5291,"menu_order":0,"comment_status":"closed","ping_status":"closed","template":"template-homepage.php","meta":[],"_links":{"self":[{"href":"https:\/\/biotr.org\/index.php\/wp-json\/wp\/v2\/pages\/5272"}],"collection":[{"href":"https:\/\/biotr.org\/index.php\/wp-json\/wp\/v2\/pages"}],"about":[{"href":"https:\/\/biotr.org\/index.php\/wp-json\/wp\/v2\/types\/page"}],"author":[{"embeddable":true,"href":"https:\/\/biotr.org\/index.php\/wp-json\/wp\/v2\/users\/1"}],"replies":[{"embeddable":true,"href":"https:\/\/biotr.org\/index.php\/wp-json\/wp\/v2\/comments?post=5272"}],"version-history":[{"count":4,"href":"https:\/\/biotr.org\/index.php\/wp-json\/wp\/v2\/pages\/5272\/revisions"}],"predecessor-version":[{"id":5574,"href":"https:\/\/biotr.org\/index.php\/wp-json\/wp\/v2\/pages\/5272\/revisions\/5574"}],"up":[{"embeddable":true,"href":"https:\/\/biotr.org\/index.php\/wp-json\/wp\/v2\/pages\/5291"}],"wp:attachment":[{"href":"https:\/\/biotr.org\/index.php\/wp-json\/wp\/v2\/media?parent=5272"}],"curies":[{"name":"wp","href":"https:\/\/api.w.org\/{rel}","templated":true}]}}