{"id":4892,"date":"2023-06-11T19:58:53","date_gmt":"2023-06-11T19:58:53","guid":{"rendered":"https:\/\/biotr.org\/?page_id=4892"},"modified":"2026-03-30T19:16:05","modified_gmt":"2026-03-30T19:16:05","slug":"kimya-degil-biyoloji","status":"publish","type":"page","link":"https:\/\/biotr.org\/index.php\/ana-sayfa\/blog\/kimya-degil-biyoloji\/","title":{"rendered":"Kimya De\u011fil Biyoloji"},"content":{"rendered":"\t\t<div data-elementor-type=\"wp-page\" data-elementor-id=\"4892\" class=\"elementor elementor-4892\">\n\t\t\t\t\t\t\t\t\t<section class=\"elementor-section elementor-top-section elementor-element elementor-element-3a5841c elementor-section-boxed elementor-section-height-default elementor-section-height-default\" data-id=\"3a5841c\" data-element_type=\"section\">\n\t\t\t\t\t\t<div class=\"elementor-container elementor-column-gap-default\">\n\t\t\t\t\t<div class=\"elementor-column elementor-col-100 elementor-top-column elementor-element elementor-element-deddda5\" data-id=\"deddda5\" data-element_type=\"column\">\n\t\t\t<div class=\"elementor-widget-wrap elementor-element-populated\">\n\t\t\t\t\t\t\t\t<div class=\"elementor-element elementor-element-514e7c2 elementor-widget elementor-widget-spacer\" data-id=\"514e7c2\" data-element_type=\"widget\" data-widget_type=\"spacer.default\">\n\t\t\t\t<div class=\"elementor-widget-container\">\n\t\t\t<style>\/*! elementor - v3.17.0 - 08-11-2023 *\/\n.elementor-column .elementor-spacer-inner{height:var(--spacer-size)}.e-con{--container-widget-width:100%}.e-con-inner>.elementor-widget-spacer,.e-con>.elementor-widget-spacer{width:var(--container-widget-width,var(--spacer-size));--align-self:var(--container-widget-align-self,initial);--flex-shrink:0}.e-con-inner>.elementor-widget-spacer>.elementor-widget-container,.e-con>.elementor-widget-spacer>.elementor-widget-container{height:100%;width:100%}.e-con-inner>.elementor-widget-spacer>.elementor-widget-container>.elementor-spacer,.e-con>.elementor-widget-spacer>.elementor-widget-container>.elementor-spacer{height:100%}.e-con-inner>.elementor-widget-spacer>.elementor-widget-container>.elementor-spacer>.elementor-spacer-inner,.e-con>.elementor-widget-spacer>.elementor-widget-container>.elementor-spacer>.elementor-spacer-inner{height:var(--container-widget-height,var(--spacer-size))}.e-con-inner>.elementor-widget-spacer.elementor-widget-empty,.e-con>.elementor-widget-spacer.elementor-widget-empty{position:relative;min-height:22px;min-width:22px}.e-con-inner>.elementor-widget-spacer.elementor-widget-empty .elementor-widget-empty-icon,.e-con>.elementor-widget-spacer.elementor-widget-empty .elementor-widget-empty-icon{position:absolute;top:0;bottom:0;left:0;right:0;margin:auto;padding:0;width:22px;height:22px}<\/style>\t\t<div class=\"elementor-spacer\">\n\t\t\t<div class=\"elementor-spacer-inner\"><\/div>\n\t\t<\/div>\n\t\t\t\t<\/div>\n\t\t\t\t<\/div>\n\t\t\t\t\t<\/div>\n\t\t<\/div>\n\t\t\t\t\t\t\t<\/div>\n\t\t<\/section>\n\t\t\t\t<section class=\"elementor-section elementor-top-section elementor-element elementor-element-bfd9dea elementor-section-boxed elementor-section-height-default elementor-section-height-default\" data-id=\"bfd9dea\" data-element_type=\"section\" data-settings=\"{&quot;background_background&quot;:&quot;classic&quot;}\">\n\t\t\t\t\t\t<div class=\"elementor-container elementor-column-gap-default\">\n\t\t\t\t\t<div class=\"elementor-column elementor-col-100 elementor-top-column elementor-element elementor-element-7568b10\" data-id=\"7568b10\" data-element_type=\"column\">\n\t\t\t<div class=\"elementor-widget-wrap elementor-element-populated\">\n\t\t\t\t\t\t\t\t<div class=\"elementor-element elementor-element-6ba2a91 elementor-widget elementor-widget-heading\" data-id=\"6ba2a91\" data-element_type=\"widget\" data-widget_type=\"heading.default\">\n\t\t\t\t<div class=\"elementor-widget-container\">\n\t\t\t<style>\/*! elementor - v3.17.0 - 08-11-2023 *\/\n.elementor-heading-title{padding:0;margin:0;line-height:1}.elementor-widget-heading .elementor-heading-title[class*=elementor-size-]>a{color:inherit;font-size:inherit;line-height:inherit}.elementor-widget-heading .elementor-heading-title.elementor-size-small{font-size:15px}.elementor-widget-heading .elementor-heading-title.elementor-size-medium{font-size:19px}.elementor-widget-heading .elementor-heading-title.elementor-size-large{font-size:29px}.elementor-widget-heading .elementor-heading-title.elementor-size-xl{font-size:39px}.elementor-widget-heading .elementor-heading-title.elementor-size-xxl{font-size:59px}<\/style><h2 class=\"elementor-heading-title elementor-size-default\"><br><br>K\u0130MYA DE\u011e\u0130L B\u0130YOLOJ\u0130<br><br><\/h2>\t\t<\/div>\n\t\t\t\t<\/div>\n\t\t\t\t\t<\/div>\n\t\t<\/div>\n\t\t\t\t\t\t\t<\/div>\n\t\t<\/section>\n\t\t\t\t<section class=\"elementor-section elementor-top-section elementor-element elementor-element-b0c4912 elementor-section-boxed elementor-section-height-default elementor-section-height-default\" data-id=\"b0c4912\" data-element_type=\"section\">\n\t\t\t\t\t\t<div class=\"elementor-container elementor-column-gap-default\">\n\t\t\t\t\t<div class=\"elementor-column elementor-col-100 elementor-top-column elementor-element elementor-element-47f8b14\" data-id=\"47f8b14\" data-element_type=\"column\">\n\t\t\t<div class=\"elementor-widget-wrap elementor-element-populated\">\n\t\t\t\t\t\t\t\t<div class=\"elementor-element elementor-element-e13cd70 elementor-widget elementor-widget-spacer\" data-id=\"e13cd70\" data-element_type=\"widget\" data-widget_type=\"spacer.default\">\n\t\t\t\t<div class=\"elementor-widget-container\">\n\t\t\t\t\t<div class=\"elementor-spacer\">\n\t\t\t<div class=\"elementor-spacer-inner\"><\/div>\n\t\t<\/div>\n\t\t\t\t<\/div>\n\t\t\t\t<\/div>\n\t\t\t\t\t<\/div>\n\t\t<\/div>\n\t\t\t\t\t\t\t<\/div>\n\t\t<\/section>\n\t\t\t\t<section class=\"elementor-section elementor-top-section elementor-element elementor-element-142b8c53 elementor-section-boxed elementor-section-height-default elementor-section-height-default\" data-id=\"142b8c53\" data-element_type=\"section\">\n\t\t\t\t\t\t<div class=\"elementor-container elementor-column-gap-default\">\n\t\t\t\t\t<div class=\"elementor-column elementor-col-100 elementor-top-column elementor-element elementor-element-28ba1fb3\" data-id=\"28ba1fb3\" data-element_type=\"column\">\n\t\t\t<div class=\"elementor-widget-wrap elementor-element-populated\">\n\t\t\t\t\t\t\t\t<div class=\"elementor-element elementor-element-64d9b220 elementor-widget elementor-widget-text-editor\" data-id=\"64d9b220\" data-element_type=\"widget\" data-widget_type=\"text-editor.default\">\n\t\t\t\t<div class=\"elementor-widget-container\">\n\t\t\t<style>\/*! elementor - v3.17.0 - 08-11-2023 *\/\n.elementor-widget-text-editor.elementor-drop-cap-view-stacked .elementor-drop-cap{background-color:#69727d;color:#fff}.elementor-widget-text-editor.elementor-drop-cap-view-framed .elementor-drop-cap{color:#69727d;border:3px solid;background-color:transparent}.elementor-widget-text-editor:not(.elementor-drop-cap-view-default) .elementor-drop-cap{margin-top:8px}.elementor-widget-text-editor:not(.elementor-drop-cap-view-default) .elementor-drop-cap-letter{width:1em;height:1em}.elementor-widget-text-editor .elementor-drop-cap{float:left;text-align:center;line-height:1;font-size:50px}.elementor-widget-text-editor .elementor-drop-cap-letter{display:inline-block}<\/style>\t\t\t\t<p>Evrenin varolu\u015fu, temel bilimlerin do\u011fu\u015funu sa\u011flad\u0131. Bilim; do\u011fay\u0131 \u00f6l\u00e7\u00fcp tart\u0131p deneyerek anlama y\u00f6nteminin ad\u0131d\u0131r.<\/p><p>S\u00fcre\u00e7 Fizikle ba\u015flar. \u0130kinci nesil y\u0131ld\u0131zlar\u0131n olu\u015fumuyla Kimya d\u00f6nemine girilmi\u015ftir. \u0130\u00e7inde oldu\u011fumuz g\u00fcne\u015f sisteminde ise 3,8 milyar y\u0131l \u00f6nce Biyoloji do\u011fdu. \u0130\u00e7inde olmaktan mutlu oldu\u011fumuz D\u00fcnya maalesef 300 y\u0131l \u00f6nce yanl\u0131\u015f end\u00fcstrile\u015fme ba\u015flatt\u0131. <b>K\u0130MYAYI \u00d6NE \u00c7IKARTMAK C\u0130NAYETT\u0130.<\/b> Bug\u00fcn ne kadar yanl\u0131\u015f\u00a0 geli\u015fim takip etti\u011fimizi g\u00f6r\u00fcyor ve \u00fcz\u00fcl\u00fcyoruz.<\/p><p>Tam bu \u00e7\u0131kmaza 1997 y\u0131l\u0131nda <strong>Janine Benyus<\/strong> kar\u015f\u0131 \u00e7\u0131kt\u0131. Hayat\u0131n ortas\u0131ndan cennetten (biyolojiden) kendimizi kovduran b\u00fcy\u00fck g\u00fcnah\u0131 (kimyay\u0131) i\u015fleyerek sonumuzu haz\u0131rlad\u0131k. Bu anlama gelen &#8220;<strong>Biomimicry<\/strong>&#8221; adl\u0131 kitab\u0131 yay\u0131nlad\u0131. Sonras\u0131nda Montana&#8217;da enstit\u00fc kuruldu. \u015eimdi s\u00fcrd\u00fcr\u00fclebilir d\u00fcnyay\u0131 hedefleyen dersler veriyorlar.<\/p><p>Biz T\u00fcrkiye bayra\u011f\u0131n\u0131 2022 y\u0131l\u0131nda ald\u0131\u011f\u0131m\u0131z bu misyonu sizlerle bulu\u015fturma arzusuyla \u00e7al\u0131\u015f\u0131yoruz.<\/p>\t\t\t\t\t\t<\/div>\n\t\t\t\t<\/div>\n\t\t\t\t\t<\/div>\n\t\t<\/div>\n\t\t\t\t\t\t\t<\/div>\n\t\t<\/section>\n\t\t\t\t<section class=\"elementor-section elementor-top-section elementor-element elementor-element-c6fc4c0 elementor-section-boxed elementor-section-height-default elementor-section-height-default\" data-id=\"c6fc4c0\" data-element_type=\"section\">\n\t\t\t\t\t\t<div class=\"elementor-container elementor-column-gap-default\">\n\t\t\t\t\t<div class=\"elementor-column elementor-col-100 elementor-top-column elementor-element elementor-element-fdff9bb\" data-id=\"fdff9bb\" data-element_type=\"column\">\n\t\t\t<div class=\"elementor-widget-wrap elementor-element-populated\">\n\t\t\t\t\t\t\t\t<div class=\"elementor-element elementor-element-4af2325 elementor-widget elementor-widget-spacer\" data-id=\"4af2325\" data-element_type=\"widget\" data-widget_type=\"spacer.default\">\n\t\t\t\t<div class=\"elementor-widget-container\">\n\t\t\t\t\t<div class=\"elementor-spacer\">\n\t\t\t<div class=\"elementor-spacer-inner\"><\/div>\n\t\t<\/div>\n\t\t\t\t<\/div>\n\t\t\t\t<\/div>\n\t\t\t\t\t<\/div>\n\t\t<\/div>\n\t\t\t\t\t\t\t<\/div>\n\t\t<\/section>\n\t\t\t\t<section class=\"elementor-section elementor-top-section elementor-element elementor-element-9f7dde4 elementor-section-boxed elementor-section-height-default elementor-section-height-default\" data-id=\"9f7dde4\" data-element_type=\"section\">\n\t\t\t\t\t\t<div class=\"elementor-container elementor-column-gap-default\">\n\t\t\t\t\t<div class=\"elementor-column elementor-col-100 elementor-top-column elementor-element elementor-element-af2dd20\" data-id=\"af2dd20\" data-element_type=\"column\">\n\t\t\t<div class=\"elementor-widget-wrap elementor-element-populated\">\n\t\t\t\t\t\t\t\t<div class=\"elementor-element elementor-element-55549a4 elementor-widget elementor-widget-creote-news-v1-new\" data-id=\"55549a4\" data-element_type=\"widget\" data-widget_type=\"creote-news-v1-new.default\">\n\t\t\t\t<div class=\"elementor-widget-container\">\n\t\t\t\n\n<section class=\"blog_all_styles grid \">\n\n\n    <div class=\"row\">\n                          \n        <div class=\"col-xl-4 col-md-6 col-sm-6  col-xs-12\">\n            <div id=\"post-8538\" class=\"post-8538 post type-post status-publish format-standard has-post-thumbnail hentry category-biyomimikri category-girisimcilik tag-surdurulebilirlik tag-bioendustri tag-bioiklim tag-bioklimatik-mimari tag-biomimicry tag-dogayi-taklit tag-ekoloji tag-ekoteknoloji tag-endustrilesme-cagi tag-gaudi tag-gunespaneli tag-heatpump tag-iklimlendirme tag-mimarlik tag-pasif-ev tag-pasif-iklimlendirme tag-science tag-teknoloji\">\n                                <div class=\"news_box type_one clearfix\">\n                    <div class=\"news_inner\">\n                                                <div class=\"image_box\">\n                            <img width=\"497\" height=\"383\" src=\"https:\/\/biotr.org\/wp-content\/uploads\/2026\/01\/Screenshot-2026-01-26-173842.png\" class=\"attachment-creote_object_fits size-creote_object_fits wp-post-image\" alt=\"\" decoding=\"async\" loading=\"lazy\" srcset=\"https:\/\/biotr.org\/wp-content\/uploads\/2026\/01\/Screenshot-2026-01-26-173842.png 497w, https:\/\/biotr.org\/wp-content\/uploads\/2026\/01\/Screenshot-2026-01-26-173842-300x231.png 300w\" sizes=\"(max-width: 497px) 100vw, 497px\" \/>                            <div class=\"overlay\"><\/div>\n                            <div class=\"post-category\">\n                                <a href=\"https:\/\/biotr.org\/index.php\/category\/biyomimikri\/\" class=\"categories\"><i class=\"icon-folder\"><\/i>Biyomimikri<\/a><\/div>\n                        <\/div>\n                                                <div class=\"content_box\">\n                                  <ul class=\"post-info clearfix\">\n          <li class=\"authour_name\"><i class=\"far fa-user\"><\/i><a href=\"\"> B\u00fc\u015fra Alt\u0131nsoy <\/a> <\/li>\n          <li class=\"date\">  <a href=\"https:\/\/biotr.org\/index.php\/2026\/01\/26\/plastik-cagini-sona-erdirecek-malzeme-sadece-5-gunde-yetisen-mantar-ambalajlar\/\" rel=\"bookmark\"><i class=\"far  fa-calendar\"><\/i>26 Oca , 2026 <\/a> <\/li> \n      <\/ul>\n                            <h2 class=\"entry-title\"><a href=\"https:\/\/biotr.org\/index.php\/2026\/01\/26\/plastik-cagini-sona-erdirecek-malzeme-sadece-5-gunde-yetisen-mantar-ambalajlar\/\">Plastik \u00c7a\u011f\u0131n\u0131 Sona Erdirecek Malzeme: Sadece 5 G\u00fcnde Yeti\u015fen Mantar Ambalajlar<\/a><\/h2>                                                            <p class=\"short_desc\">Plastik \u00c7a\u011f\u0131n\u0131 Sona&hellip;<\/p>\n                                                        <div class=\"bottom_content clearfix\">\n                                <div class=\"continure_reading\">\n                                                                        <a href=\"https:\/\/biotr.org\/index.php\/2026\/01\/26\/plastik-cagini-sona-erdirecek-malzeme-sadece-5-gunde-yetisen-mantar-ambalajlar\/\" class=\"read_more type_one\">\n                                        Read More <span\n                                            class=\"icon-arrow-right\"><\/span><\/a>\n                                                                    <\/div>\n                                <div class=\"comments\">\n  <i class=\"icon-text\"><\/i>\n  <a href=\"https:\/\/biotr.org\/index.php\/2026\/01\/26\/plastik-cagini-sona-erdirecek-malzeme-sadece-5-gunde-yetisen-mantar-ambalajlar\/#respond\" class=\"Comments are Closed\" >Post Comment<\/a>   \n  <\/div>\n                              <\/div>\n                        <\/div>\n                    <\/div>\n                <\/div>\n\n                 <\/div>\n        <\/div><!-- \/.col-lg-3 -->\n                  \n        <div class=\"col-xl-4 col-md-6 col-sm-6  col-xs-12\">\n            <div id=\"post-8518\" class=\"post-8518 post type-post status-publish format-standard has-post-thumbnail hentry category-gelecek-okuryazarligi category-iklimlendirme tag-surdurulebilirlik tag-bioendustri tag-bioiklim tag-bioklimatik-mimari tag-biomimicry tag-dogayi-taklit tag-ekoloji tag-ekoteknoloji tag-endustrilesme-cagi tag-gaudi tag-gunespaneli tag-heatpump tag-iklimlendirme tag-mimarlik tag-pasif-ev tag-pasif-iklimlendirme tag-science tag-teknoloji\">\n                                <div class=\"news_box type_one clearfix\">\n                    <div class=\"news_inner\">\n                                                <div class=\"image_box\">\n                            <img width=\"1047\" height=\"435\" src=\"https:\/\/biotr.org\/wp-content\/uploads\/2026\/01\/Screenshot-2026-01-19-182142.png\" class=\"attachment-creote_object_fits size-creote_object_fits wp-post-image\" alt=\"\" decoding=\"async\" loading=\"lazy\" srcset=\"https:\/\/biotr.org\/wp-content\/uploads\/2026\/01\/Screenshot-2026-01-19-182142.png 1047w, https:\/\/biotr.org\/wp-content\/uploads\/2026\/01\/Screenshot-2026-01-19-182142-300x125.png 300w, https:\/\/biotr.org\/wp-content\/uploads\/2026\/01\/Screenshot-2026-01-19-182142-1024x425.png 1024w, https:\/\/biotr.org\/wp-content\/uploads\/2026\/01\/Screenshot-2026-01-19-182142-768x319.png 768w\" sizes=\"(max-width: 1047px) 100vw, 1047px\" \/>                            <div class=\"overlay\"><\/div>\n                            <div class=\"post-category\">\n                                <a href=\"https:\/\/biotr.org\/index.php\/category\/gelecek-okuryazarligi\/\" class=\"categories\"><i class=\"icon-folder\"><\/i>Gelecek Okuryazarl\u0131\u011f\u0131<\/a><\/div>\n                        <\/div>\n                                                <div class=\"content_box\">\n                                  <ul class=\"post-info clearfix\">\n          <li class=\"authour_name\"><i class=\"far fa-user\"><\/i><a href=\"\"> B\u00fc\u015fra Alt\u0131nsoy <\/a> <\/li>\n          <li class=\"date\">  <a href=\"https:\/\/biotr.org\/index.php\/2026\/01\/19\/radyant-tavan-panelleri-gelecegin-iklimlendirme-sistemi-olabilir-mi\/\" rel=\"bookmark\"><i class=\"far  fa-calendar\"><\/i>19 Oca , 2026 <\/a> <\/li> \n      <\/ul>\n                            <h2 class=\"entry-title\"><a href=\"https:\/\/biotr.org\/index.php\/2026\/01\/19\/radyant-tavan-panelleri-gelecegin-iklimlendirme-sistemi-olabilir-mi\/\">Radyant Tavan Panelleri Gelece\u011fin \u0130klimlendirme Sistemi Olabilir Mi?<\/a><\/h2>                                                            <p class=\"short_desc\">Radyant Tavan Panelleri&hellip;<\/p>\n                                                        <div class=\"bottom_content clearfix\">\n                                <div class=\"continure_reading\">\n                                                                        <a href=\"https:\/\/biotr.org\/index.php\/2026\/01\/19\/radyant-tavan-panelleri-gelecegin-iklimlendirme-sistemi-olabilir-mi\/\" class=\"read_more type_one\">\n                                        Read More <span\n                                            class=\"icon-arrow-right\"><\/span><\/a>\n                                                                    <\/div>\n                                <div class=\"comments\">\n  <i class=\"icon-text\"><\/i>\n  <a href=\"https:\/\/biotr.org\/index.php\/2026\/01\/19\/radyant-tavan-panelleri-gelecegin-iklimlendirme-sistemi-olabilir-mi\/#respond\" class=\"Comments are Closed\" >Post Comment<\/a>   \n  <\/div>\n                              <\/div>\n                        <\/div>\n                    <\/div>\n                <\/div>\n\n                 <\/div>\n        <\/div><!-- \/.col-lg-3 -->\n                  \n        <div class=\"col-xl-4 col-md-6 col-sm-6  col-xs-12\">\n            <div id=\"post-8487\" class=\"post-8487 post type-post status-publish format-standard has-post-thumbnail hentry category-biyomimikri category-gelecek-okuryazarligi tag-surdurulebilirlik tag-bioendustri tag-bioiklim tag-bioklimatik-mimari tag-biomimicry tag-dogayi-taklit tag-ekoloji tag-ekoteknoloji tag-endustrilesme-cagi tag-gaudi tag-gunespaneli tag-heatpump tag-iklimlendirme tag-mimarlik tag-pasif-ev tag-pasif-iklimlendirme tag-science tag-teknoloji\">\n                                <div class=\"news_box type_one clearfix\">\n                    <div class=\"news_inner\">\n                                                <div class=\"image_box\">\n                            <img width=\"753\" height=\"1000\" src=\"https:\/\/biotr.org\/wp-content\/uploads\/2026\/01\/2150842772.jpg\" class=\"attachment-creote_object_fits size-creote_object_fits wp-post-image\" alt=\"\" decoding=\"async\" loading=\"lazy\" srcset=\"https:\/\/biotr.org\/wp-content\/uploads\/2026\/01\/2150842772.jpg 753w, https:\/\/biotr.org\/wp-content\/uploads\/2026\/01\/2150842772-226x300.jpg 226w\" sizes=\"(max-width: 753px) 100vw, 753px\" \/>                            <div class=\"overlay\"><\/div>\n                            <div class=\"post-category\">\n                                <a href=\"https:\/\/biotr.org\/index.php\/category\/biyomimikri\/\" class=\"categories\"><i class=\"icon-folder\"><\/i>Biyomimikri<\/a><\/div>\n                        <\/div>\n                                                <div class=\"content_box\">\n                                  <ul class=\"post-info clearfix\">\n          <li class=\"authour_name\"><i class=\"far fa-user\"><\/i><a href=\"\"> B\u00fc\u015fra Alt\u0131nsoy <\/a> <\/li>\n          <li class=\"date\">  <a href=\"https:\/\/biotr.org\/index.php\/2026\/01\/09\/binalarin-canli-oldugu-bir-gelecek-mumkun-mu\/\" rel=\"bookmark\"><i class=\"far  fa-calendar\"><\/i>9 Oca , 2026 <\/a> <\/li> \n      <\/ul>\n                            <h2 class=\"entry-title\"><a href=\"https:\/\/biotr.org\/index.php\/2026\/01\/09\/binalarin-canli-oldugu-bir-gelecek-mumkun-mu\/\">Binalar\u0131n Canl\u0131 Oldu\u011fu Bir Gelecek M\u00fcmk\u00fcn M\u00fc?<\/a><\/h2>                                                            <p class=\"short_desc\">Binalar\u0131n Canl\u0131 Oldu\u011fu&hellip;<\/p>\n                                                        <div class=\"bottom_content clearfix\">\n                                <div class=\"continure_reading\">\n                                                                        <a href=\"https:\/\/biotr.org\/index.php\/2026\/01\/09\/binalarin-canli-oldugu-bir-gelecek-mumkun-mu\/\" class=\"read_more type_one\">\n                                        Read More <span\n                                            class=\"icon-arrow-right\"><\/span><\/a>\n                                                                    <\/div>\n                                <div class=\"comments\">\n  <i class=\"icon-text\"><\/i>\n  <a href=\"https:\/\/biotr.org\/index.php\/2026\/01\/09\/binalarin-canli-oldugu-bir-gelecek-mumkun-mu\/#respond\" class=\"Comments are Closed\" >Post Comment<\/a>   \n  <\/div>\n                              <\/div>\n                        <\/div>\n                    <\/div>\n                <\/div>\n\n                 <\/div>\n        <\/div><!-- \/.col-lg-3 -->\n                                                <\/div>\n        \n              \n \n\n<\/section><!-- \/.blog-one -->\n\n\n\t\t<\/div>\n\t\t\t\t<\/div>\n\t\t\t\t\t<\/div>\n\t\t<\/div>\n\t\t\t\t\t\t\t<\/div>\n\t\t<\/section>\n\t\t\t\t\t\t\t<\/div>\n\t\t","protected":false},"excerpt":{"rendered":"<p>K\u0130MYA DE\u011e\u0130L B\u0130YOLOJ\u0130 Evrenin varolu\u015fu, temel bilimlerin do\u011fu\u015funu sa\u011flad\u0131. Bilim; do\u011fay\u0131 \u00f6l\u00e7\u00fcp tart\u0131p deneyerek anlama y\u00f6nteminin ad\u0131d\u0131r. S\u00fcre\u00e7 Fizikle ba\u015flar. \u0130kinci nesil y\u0131ld\u0131zlar\u0131n olu\u015fumuyla Kimya d\u00f6nemine girilmi\u015ftir. \u0130\u00e7inde oldu\u011fumuz g\u00fcne\u015f sisteminde ise 3,8 milyar y\u0131l \u00f6nce Biyoloji do\u011fdu. \u0130\u00e7inde olmaktan mutlu oldu\u011fumuz D\u00fcnya maalesef 300 y\u0131l \u00f6nce yanl\u0131\u015f end\u00fcstrile\u015fme ba\u015flatt\u0131. K\u0130MYAYI \u00d6NE \u00c7IKARTMAK C\u0130NAYETT\u0130. Bug\u00fcn [&hellip;]<\/p>\n","protected":false},"author":1,"featured_media":0,"parent":5289,"menu_order":0,"comment_status":"closed","ping_status":"closed","template":"template-homepage.php","meta":[],"_links":{"self":[{"href":"https:\/\/biotr.org\/index.php\/wp-json\/wp\/v2\/pages\/4892"}],"collection":[{"href":"https:\/\/biotr.org\/index.php\/wp-json\/wp\/v2\/pages"}],"about":[{"href":"https:\/\/biotr.org\/index.php\/wp-json\/wp\/v2\/types\/page"}],"author":[{"embeddable":true,"href":"https:\/\/biotr.org\/index.php\/wp-json\/wp\/v2\/users\/1"}],"replies":[{"embeddable":true,"href":"https:\/\/biotr.org\/index.php\/wp-json\/wp\/v2\/comments?post=4892"}],"version-history":[{"count":8,"href":"https:\/\/biotr.org\/index.php\/wp-json\/wp\/v2\/pages\/4892\/revisions"}],"predecessor-version":[{"id":8786,"href":"https:\/\/biotr.org\/index.php\/wp-json\/wp\/v2\/pages\/4892\/revisions\/8786"}],"up":[{"embeddable":true,"href":"https:\/\/biotr.org\/index.php\/wp-json\/wp\/v2\/pages\/5289"}],"wp:attachment":[{"href":"https:\/\/biotr.org\/index.php\/wp-json\/wp\/v2\/media?parent=4892"}],"curies":[{"name":"wp","href":"https:\/\/api.w.org\/{rel}","templated":true}]}}